{"id":2747,"date":"2019-03-24T14:15:05","date_gmt":"2019-03-24T17:15:05","guid":{"rendered":"http:\/\/www.igochile.cl\/igochile2\/?page_id=2747"},"modified":"2019-03-24T15:06:31","modified_gmt":"2019-03-24T18:06:31","slug":"dic-2018","status":"publish","type":"page","link":"https:\/\/igochile.cl\/igochile2\/dic-2018\/","title":{"rendered":"Dic 2018"},"content":{"rendered":"\n<p><a href=\"https:\/\/igochile.cl\/igochile2\/wp-content\/uploads\/2018\/12\/7a-Sesi\u00f3n-de-Directorio.pdf\">7a Sesi\u00f3n de Directorio<\/a><\/p>\n\n\n\n<p><a href=\"https:\/\/igochile.cl\/igochile2\/wp-content\/uploads\/2018\/12\/Flujo-de-Caja-Federaci\u00f3n-Dic-2018.pdf\">Flujo de Caja Federaci\u00f3n Dic 2018<\/a><\/p>\n\n\n\n<p><a href=\"https:\/\/igochile.cl\/igochile2\/wp-content\/uploads\/2018\/12\/EEFF-Federaci%C3%B3n-2018.pdf\">EEFF Federaci\u00f3n 2018\ufeff<\/a><\/p>\n\n\n\n<p><a href=\"https:\/\/igochile.cl\/igochile2\/wp-content\/uploads\/2018\/12\/Asamblea-extraordinaria-01-12-2018.pdf\">Asamblea extraordinaria 01-12-2018<\/a><\/p>\n\n\n\n<p><br><\/p>\n","protected":false},"excerpt":{"rendered":"<p>7a Sesi\u00f3n de Directorio Flujo de Caja Federaci\u00f3n Dic 2018 EEFF Federaci\u00f3n 2018\ufeff Asamblea extraordinaria 01-12-2018<\/p>\n","protected":false},"author":2,"featured_media":0,"parent":0,"menu_order":0,"comment_status":"closed","ping_status":"closed","template":"","meta":{"pgc_sgb_lightbox_settings":"","footnotes":""},"_links":{"self":[{"href":"https:\/\/igochile.cl\/igochile2\/wp-json\/wp\/v2\/pages\/2747"}],"collection":[{"href":"https:\/\/igochile.cl\/igochile2\/wp-json\/wp\/v2\/pages"}],"about":[{"href":"https:\/\/igochile.cl\/igochile2\/wp-json\/wp\/v2\/types\/page"}],"author":[{"embeddable":true,"href":"https:\/\/igochile.cl\/igochile2\/wp-json\/wp\/v2\/users\/2"}],"replies":[{"embeddable":true,"href":"https:\/\/igochile.cl\/igochile2\/wp-json\/wp\/v2\/comments?post=2747"}],"version-history":[{"count":5,"href":"https:\/\/igochile.cl\/igochile2\/wp-json\/wp\/v2\/pages\/2747\/revisions"}],"predecessor-version":[{"id":2782,"href":"https:\/\/igochile.cl\/igochile2\/wp-json\/wp\/v2\/pages\/2747\/revisions\/2782"}],"wp:attachment":[{"href":"https:\/\/igochile.cl\/igochile2\/wp-json\/wp\/v2\/media?parent=2747"}],"curies":[{"name":"wp","href":"https:\/\/api.w.org\/{rel}","templated":true}]}}