{"id":2749,"date":"2019-03-24T14:16:00","date_gmt":"2019-03-24T17:16:00","guid":{"rendered":"http:\/\/www.igochile.cl\/igochile2\/?page_id=2749"},"modified":"2019-03-24T16:23:34","modified_gmt":"2019-03-24T19:23:34","slug":"enero-2019","status":"publish","type":"page","link":"https:\/\/igochile.cl\/igochile2\/enero-2019\/","title":{"rendered":"Enero 2019"},"content":{"rendered":"\n<p><a href=\"https:\/\/igochile.cl\/igochile2\/wp-content\/uploads\/2019\/03\/8a-Sesi\u00f3n-de-Directorio.pdf\">8a&nbsp;Sesi\u00f3n&nbsp;de&nbsp;Directorio<\/a><\/p>\n\n\n\n<p><a href=\"https:\/\/igochile.cl\/igochile2\/wp-content\/uploads\/2019\/03\/Flujo-de-Caja-Federaci\u00f3n-Enero-2019.pdf\">Flujo de Caja Federaci\u00f3n Enero-2019<\/a><\/p>\n\n\n\n<p><a href=\"https:\/\/igochile.cl\/igochile2\/wp-content\/uploads\/2019\/03\/EEFF-actualizado-31-01-2019.pdf\">EEFF Federaci\u00f3n Enero 2019<\/a><\/p>\n","protected":false},"excerpt":{"rendered":"<p>8a&nbsp;Sesi\u00f3n&nbsp;de&nbsp;Directorio Flujo de Caja Federaci\u00f3n Enero-2019 EEFF Federaci\u00f3n Enero 2019<\/p>\n","protected":false},"author":2,"featured_media":0,"parent":0,"menu_order":0,"comment_status":"closed","ping_status":"closed","template":"","meta":{"pgc_sgb_lightbox_settings":"","footnotes":""},"_links":{"self":[{"href":"https:\/\/igochile.cl\/igochile2\/wp-json\/wp\/v2\/pages\/2749"}],"collection":[{"href":"https:\/\/igochile.cl\/igochile2\/wp-json\/wp\/v2\/pages"}],"about":[{"href":"https:\/\/igochile.cl\/igochile2\/wp-json\/wp\/v2\/types\/page"}],"author":[{"embeddable":true,"href":"https:\/\/igochile.cl\/igochile2\/wp-json\/wp\/v2\/users\/2"}],"replies":[{"embeddable":true,"href":"https:\/\/igochile.cl\/igochile2\/wp-json\/wp\/v2\/comments?post=2749"}],"version-history":[{"count":4,"href":"https:\/\/igochile.cl\/igochile2\/wp-json\/wp\/v2\/pages\/2749\/revisions"}],"predecessor-version":[{"id":2815,"href":"https:\/\/igochile.cl\/igochile2\/wp-json\/wp\/v2\/pages\/2749\/revisions\/2815"}],"wp:attachment":[{"href":"https:\/\/igochile.cl\/igochile2\/wp-json\/wp\/v2\/media?parent=2749"}],"curies":[{"name":"wp","href":"https:\/\/api.w.org\/{rel}","templated":true}]}}