{"id":3710,"date":"2019-12-17T13:45:20","date_gmt":"2019-12-17T16:45:20","guid":{"rendered":"http:\/\/www.igochile.cl\/igochile2\/?page_id=3710"},"modified":"2019-12-18T15:45:07","modified_gmt":"2019-12-18T18:45:07","slug":"noviembre-2019","status":"publish","type":"page","link":"https:\/\/igochile.cl\/igochile2\/noviembre-2019\/","title":{"rendered":"Noviembre 2019"},"content":{"rendered":"\n<p><a href=\"https:\/\/igochile.cl\/igochile2\/wp-content\/uploads\/2019\/12\/14a-Sesi\u00f3n-de-Directorio-18-11-2019.pdf\">14\u00b0 Sesi\u00f3n de Directorio<\/a><\/p>\n\n\n\n<p><a href=\"https:\/\/igochile.cl\/igochile2\/wp-content\/uploads\/2019\/12\/Flujo-de-Caja-Federaci\u00f3n-Noviembre-2019.pdf\">Flujo de Caja Federaci\u00f3n Noviembre 2019<\/a><\/p>\n\n\n\n<p><a href=\"https:\/\/igochile.cl\/igochile2\/wp-content\/uploads\/2019\/12\/EEFF-Federaci\u00f3n-Noviembre-2019.pdf\">EEFF Federaci\u00f3n Noviembre 2019<\/a><\/p>\n","protected":false},"excerpt":{"rendered":"<p>14\u00b0 Sesi\u00f3n de Directorio Flujo de Caja Federaci\u00f3n Noviembre 2019 EEFF Federaci\u00f3n Noviembre 2019<\/p>\n","protected":false},"author":7,"featured_media":0,"parent":0,"menu_order":0,"comment_status":"closed","ping_status":"closed","template":"","meta":{"pgc_sgb_lightbox_settings":"","footnotes":""},"_links":{"self":[{"href":"https:\/\/igochile.cl\/igochile2\/wp-json\/wp\/v2\/pages\/3710"}],"collection":[{"href":"https:\/\/igochile.cl\/igochile2\/wp-json\/wp\/v2\/pages"}],"about":[{"href":"https:\/\/igochile.cl\/igochile2\/wp-json\/wp\/v2\/types\/page"}],"author":[{"embeddable":true,"href":"https:\/\/igochile.cl\/igochile2\/wp-json\/wp\/v2\/users\/7"}],"replies":[{"embeddable":true,"href":"https:\/\/igochile.cl\/igochile2\/wp-json\/wp\/v2\/comments?post=3710"}],"version-history":[{"count":4,"href":"https:\/\/igochile.cl\/igochile2\/wp-json\/wp\/v2\/pages\/3710\/revisions"}],"predecessor-version":[{"id":3727,"href":"https:\/\/igochile.cl\/igochile2\/wp-json\/wp\/v2\/pages\/3710\/revisions\/3727"}],"wp:attachment":[{"href":"https:\/\/igochile.cl\/igochile2\/wp-json\/wp\/v2\/media?parent=3710"}],"curies":[{"name":"wp","href":"https:\/\/api.w.org\/{rel}","templated":true}]}}