{"id":4,"date":"2013-06-09T19:15:38","date_gmt":"2013-06-09T19:15:38","guid":{"rendered":"http:\/\/www.igochile.cl\/home\/"},"modified":"2024-06-10T20:27:39","modified_gmt":"2024-06-10T23:27:39","slug":"home","status":"publish","type":"page","link":"https:\/\/igochile.cl\/igochile2\/home\/","title":{"rendered":"Federaci\u00f3n"},"content":{"rendered":"<p align=\"justify\">La creaci\u00f3n de la Asociaci\u00f3n Chilena de Go fue impulsada y respaldada por don Jiro Maeda y don Masanao Uehara, principales promotores del Go en Chile desde la d\u00e9cada del 60.<\/p>\n<p align=\"justify\">La Asociaci\u00f3n Chilena de Go nace el a\u00f1o 1989 reuniendo los clubes de Go de Santiago, Concepci\u00f3n y Valpara\u00edso con el objeto de organizar a los jugadores chilenos, difundir el juego y constituir una instancia de representaci\u00f3n frente a las organizaciones internacionales. Ese mismo a\u00f1o la Asociaci\u00f3n se incorpora como miembro de la\u00a0<a href=\"https:\/\/intergofed.org\/index.php\">IGF<\/a>\u00a0(International Go Federation). La asociaci\u00f3n particip\u00f3 en la creaci\u00f3n de la\u00a0<a href=\"http:\/\/www.fedibergo.org\/\">FIG<\/a>\u00a0(Federaci\u00f3n Iberoamericana de GO) como miembro fundador en la ciudad de Sapporo, Jap\u00f3n, 1997.<\/p>\n<p align=\"justify\">En Septiembre del a\u00f1o 2003 nuestra asociaci\u00f3n estuvo a cargo de la organizaci\u00f3n del V\u00ba Torneo Iberoamericano de Go y la Clasificatoria a la 2\u00aa Copa Toyota-Denso. Dicho evento reuni\u00f3 a jugadores de Argentina, Brasil, Chile, Colombia, Cuba, Ecuador, Estados Unidos, Guatemala, M\u00e9xico, Panam\u00e1, Per\u00fa, Uruguay, Venezuela. El encuentro cont\u00f3 con el alto auspicio de la Nihon Ki-in, la Federaci\u00f3n Iberomericana de Go (FIG), y las corporaciones TOYOTA y DENSO.<\/p>\n<p align=\"justify\">La Asociaci\u00f3n se convirti\u00f3 en la primera Asociaci\u00f3n deportiva de Go constituida legalmente bajo la ley del deporte en Chile, el d\u00eda 1\u00ba de marzo en la ciudad de Santiago, ante la Ministra de Fe del Instituto Nacional del Deporte.<\/p>\n<p align=\"justify\">En Octubre del 2010 nuestra asociaci\u00f3n estuvo a cargo de la organizaci\u00f3n del XII Iberoamericano de Go, en donde participaron jugadores de Argentina, Chile, Ecuador, M\u00e9xico, Francia, Uruguay y Brasil.<\/p>\n<p align=\"justify\">En Diciembre de 2013 la Asociaci\u00f3n Chilena de Go se transforma en la Federaci\u00f3n Deportiva Nacional Chilena de Go bajo el n\u00famero de registro 1305153-4 del Instituto Nacional del Deporte, adecuando sus estatutos de acuerdo a la Ley del Deporte N\u00b019.712.<\/p>\n<p align=\"justify\">El 26 de mayo de 2024, en Asamblea General realizada en l\u00ednea, se elige el nuevo directorio para el per\u00edodo 2024-2025.<\/p>\n<p>En la actualidad el directorio se compone de la siguiente manera:<\/p>\n<table style=\"width: 100%; height: 224px;\" width=\"409\">\n<tbody>\n<tr style=\"height: 32px;\">\n<td style=\"height: 32px; width: 11.4655%;\">Presidente<\/td>\n<td style=\"height: 32px; width: 41.7241%;\">An\u00edbal P\u00e9rez Ram\u00edrez (Club Tengen)<\/td>\n<\/tr>\n<tr style=\"height: 32px;\">\n<td style=\"height: 32px; width: 11.4655%;\">Secretaria<\/td>\n<td style=\"height: 32px; width: 41.7241%;\">Pandora Escobar (Club Tengen)<\/td>\n<\/tr>\n<tr style=\"height: 32px;\">\n<td style=\"height: 32px; width: 11.4655%;\">Directora<\/td>\n<td style=\"height: 32px; width: 41.7241%;\">Yunuen Vital (Club Tengen)<\/td>\n<\/tr>\n<tr style=\"height: 32px;\">\n<td style=\"height: 32px; width: 11.4655%;\">Director<\/td>\n<td style=\"height: 32px; width: 41.7241%;\">Thierry Patri (Club Tengen)<\/td>\n<\/tr>\n<\/tbody>\n<\/table>\n\n\n<p>Si tiene consultas por favor escribir a&nbsp;<a href=\"mailto:contacto@igochile.cl\">contacto@igochile.cl<\/a><\/p>\n","protected":false},"excerpt":{"rendered":"<p>La creaci\u00f3n de la Asociaci\u00f3n Chilena de Go fue impulsada y respaldada por don Jiro Maeda y don Masanao Uehara, principales promotores del Go en Chile desde la d\u00e9cada del&hellip;<\/p>\n","protected":false},"author":2,"featured_media":0,"parent":0,"menu_order":1,"comment_status":"closed","ping_status":"closed","template":"","meta":{"pgc_sgb_lightbox_settings":"","footnotes":""},"_links":{"self":[{"href":"https:\/\/igochile.cl\/igochile2\/wp-json\/wp\/v2\/pages\/4"}],"collection":[{"href":"https:\/\/igochile.cl\/igochile2\/wp-json\/wp\/v2\/pages"}],"about":[{"href":"https:\/\/igochile.cl\/igochile2\/wp-json\/wp\/v2\/types\/page"}],"author":[{"embeddable":true,"href":"https:\/\/igochile.cl\/igochile2\/wp-json\/wp\/v2\/users\/2"}],"replies":[{"embeddable":true,"href":"https:\/\/igochile.cl\/igochile2\/wp-json\/wp\/v2\/comments?post=4"}],"version-history":[{"count":5,"href":"https:\/\/igochile.cl\/igochile2\/wp-json\/wp\/v2\/pages\/4\/revisions"}],"predecessor-version":[{"id":6684,"href":"https:\/\/igochile.cl\/igochile2\/wp-json\/wp\/v2\/pages\/4\/revisions\/6684"}],"wp:attachment":[{"href":"https:\/\/igochile.cl\/igochile2\/wp-json\/wp\/v2\/media?parent=4"}],"curies":[{"name":"wp","href":"https:\/\/api.w.org\/{rel}","templated":true}]}}