{"id":5,"date":"2013-11-30T00:00:00","date_gmt":"2013-11-30T00:00:00","guid":{"rendered":"http:\/\/www.igochile.cl\/clubes\/"},"modified":"2023-09-25T12:07:45","modified_gmt":"2023-09-25T15:07:45","slug":"clubes","status":"publish","type":"page","link":"https:\/\/igochile.cl\/igochile2\/clubes\/","title":{"rendered":"Donde jugar Go"},"content":{"rendered":"<h2><strong>CLUBES ACTIVOS<\/strong><\/h2>\n<p><strong>Club Tengen (Santiago)<\/strong><br \/>\nMi\u00e9rcoles de 19:00 a 22:00 horas<br \/>\nS\u00e1bado de 16:00 a 19:00 horas <i>(se confirmar\u00e1 cada s\u00e1bado por el grupo de facebook)<\/i><br \/>\nGeneral Parra 674 oficina E, Providencia<br \/>\nContacto: <a href=\"mailto:contacto@clubtengen.cl\">contacto@clubtengen.cl<\/a><br \/>\n<a href=\"http:\/\/www.clubtengen.cl\"><img decoding=\"async\" style=\"width: 25px; height: 25px;\" src=\"https:\/\/igochile.cl\/igochile2\/wp-content\/uploads\/2018\/12\/ws.png\" alt=\"Website\" \/><\/a> <a href=\"https:\/\/www.facebook.com\/clubtengen\/\"><img decoding=\"async\" style=\"width: 25px; height: 25px;\" src=\"https:\/\/igochile.cl\/igochile2\/wp-content\/uploads\/2018\/12\/fb.png\" alt=\"Facebook\" \/><\/a> <a href=\"https:\/\/www.instagram.com\/tengenclub\/\"><img decoding=\"async\" style=\"width: 25px; height: 25px;\" src=\"https:\/\/igochile.cl\/igochile2\/wp-content\/uploads\/2018\/12\/ig.jpeg\" alt=\"Instagram\" \/><\/a><\/p>\n<p><strong>Club Aonken (Punta Arenas)<\/strong><br \/>\nMi\u00e9rcoles desde las 17:00 a 20:00 hrs<br \/>\nS\u00e1bados desde las 19:00 a 22:00 hrs<br \/>\nEspacio Cultural La Idea, Mexicana 252<br \/>\nContacto: <a href=\"mailto:clubaonken@gmail.com\">clubaonken@gmail.com<\/a><br \/>\n<a href=\"http:\/\/clubaonken.blogspot.com\"><img decoding=\"async\" style=\"width: 25px; height: 25px;\" src=\"https:\/\/igochile.cl\/igochile2\/wp-content\/uploads\/2018\/12\/ws.png\" alt=\"Website\" \/><\/a> <a href=\"https:\/\/www.facebook.com\/puntaarenasgo\/\"><img decoding=\"async\" style=\"width: 25px; height: 25px;\" src=\"https:\/\/igochile.cl\/igochile2\/wp-content\/uploads\/2018\/12\/fb.png\" alt=\"Facebook\" \/><\/a> <a href=\"https:\/\/www.instagram.com\/goenpuntaarenas\/\"><img decoding=\"async\" style=\"width: 25px; height: 25px;\" src=\"https:\/\/igochile.cl\/igochile2\/wp-content\/uploads\/2018\/12\/ig.jpeg\" alt=\"Instagram\" \/><\/a><\/p>\n<h2><strong>CLUBES INACTIVOS<\/strong><\/h2>\n<p><strong>Sabaku No Go (Caldera)<\/strong><br \/>\nMi\u00e9rcoles de 18:00 a 19:30 horas<br \/>\nEdwards con Tocornal. Entrada por Tocornal<br \/>\nContacto: <a href=\"mailto:jccarrillom@gmail.com\">jccarrillom@gmail.com<\/a> (Juan Carlos Carrillo)<\/p>\n<p><strong>Club Ngen Ko (Valpara\u00edso)<\/strong><br \/>\nJueves de 14:00 a 19:00 horas<br \/>\nUniversidad T\u00e9cnica Federico Santa Mar\u00eda, Avenida Espa\u00f1a 1680<br \/>\nContacto: <a href=\"mailto:valpo.baduk@gmail.com\"><span class=\"_5yl5\">valpo.baduk@gmail.com<\/span><\/a><br \/>\n<a href=\"https:\/\/www.facebook.com\/profile.php?id=100014542212945\/\"><img decoding=\"async\" style=\"width: 25px; height: 25px;\" src=\"https:\/\/igochile.cl\/igochile2\/wp-content\/uploads\/2018\/12\/fb.png\" alt=\"Facebook\" \/><\/a><\/p>\n<p><strong>Club Hoshi No Koen (Santiago)<\/strong><br \/>\nS\u00e1bado de 12:00 a 16:00 horas, Biblioteca de Santiago, Sala Novedades, Av. Matucana 151<br \/>\nContacto: <a href=\"mailto:hoshinokoenbs@gmail.com\">hoshinokoenbs@gmail.com<\/a><br \/>\n<a href=\"http:\/\/clubhoshinokoen.blogspot.cl\/\"><img decoding=\"async\" style=\"width: 25px; height: 25px;\" src=\"https:\/\/igochile.cl\/igochile2\/wp-content\/uploads\/2018\/12\/ws.png\" alt=\"Website\" \/><\/a> <a href=\"https:\/\/www.facebook.com\/hoshinokoen\/\"><img decoding=\"async\" style=\"width: 25px; height: 25px;\" src=\"https:\/\/igochile.cl\/igochile2\/wp-content\/uploads\/2018\/12\/fb.png\" alt=\"Facebook\" \/><\/a> <a href=\"https:\/\/www.instagram.com\/hoshinokoen\/\"><img decoding=\"async\" style=\"width: 25px; height: 25px;\" src=\"https:\/\/igochile.cl\/igochile2\/wp-content\/uploads\/2018\/12\/ig.jpeg\" alt=\"Instagram\" \/><\/a><\/p>\n<p><strong>Club ICO (Santiago)<\/strong><br \/>\nContacto: <a href=\"mailto:clubdegoico@gmail.com\">clubdegoico@gmail.com<\/a><br \/>\n<a href=\"https:\/\/www.facebook.com\/clubdegoico\/\"><img decoding=\"async\" style=\"width: 25px; height: 25px;\" src=\"https:\/\/igochile.cl\/igochile2\/wp-content\/uploads\/2018\/12\/fb.png\" alt=\"Facebook\" \/><\/a> <a href=\"https:\/\/www.instagram.com\/clubdegoico\/\"><img decoding=\"async\" style=\"width: 25px; height: 25px;\" src=\"https:\/\/igochile.cl\/igochile2\/wp-content\/uploads\/2018\/12\/ig.jpeg\" alt=\"Instagram\" \/><\/a><\/p>\n<p><strong>Club Concepci\u00f3n<\/strong><br \/>\nContacto: <a href=\"mailto:pablosaezphd@gmail.com\">pablosaezphd@gmail.com<\/a><\/p>\n<p><strong>Club Atsumi No Go (Valdivia)<\/strong><br \/>\nS\u00e1bado de 17:00 a 21:00 horas<br \/>\nKoening 600, esquina Av. Simpson<br \/>\nContacto: <a href=\"mailto:clubdegovaldivia@gmail.com\">clubdegovaldivia@gmail.com<\/a><br \/>\n<a href=\"https:\/\/www.facebook.com\/groups\/Atsumi.no.Go\/\"><img decoding=\"async\" style=\"width: 25px; height: 25px;\" src=\"https:\/\/igochile.cl\/igochile2\/wp-content\/uploads\/2018\/12\/fb.png\" alt=\"Facebook\" \/><\/a><\/p>\n<p><strong>Club Go Puerto Montt<\/strong><br \/>\nFono: + 56 9 620 150 25<br \/>\nContacto: <a href=\"mailto:gopuertomontt@gmail.com\">gopuertomontt@gmail.com<\/a><br \/>\n<a href=\"https:\/\/www.facebook.com\/badukpuertomontt\"><img decoding=\"async\" style=\"width: 25px; height: 25px;\" src=\"https:\/\/igochile.cl\/igochile2\/wp-content\/uploads\/2018\/12\/fb.png\" alt=\"Facebook\" \/><\/a> <a href=\"https:\/\/www.instagram.com\/gopuertomontt\/\"><img decoding=\"async\" style=\"width: 25px; height: 25px;\" src=\"https:\/\/igochile.cl\/igochile2\/wp-content\/uploads\/2018\/12\/ig.jpeg\" alt=\"Instagram\" \/><\/a><\/p>\n<p><strong>Link con mapa de clubes y agrupaciones que practican el Go en Chile<br \/>\n<\/strong><a href=\"https:\/\/drive.google.com\/open?id=1p2_66Ph72kI2KKIV7nRvFiENS15Pt-D1&amp;usp=sharing\">Mapa<\/a><\/p>\n<h2><strong>En forma virtual:<\/strong><\/h2>\n<blockquote class=\"wp-embedded-content\" data-secret=\"ZN2NMRG32p\"><p><a href=\"https:\/\/igochile.cl\/igochile2\/proyectos-digitales-nacidos-en-pandemia\/\">Proyectos Digitales Nacidos en Pandemia<\/a><\/p><\/blockquote>\n<p><iframe class=\"wp-embedded-content\" sandbox=\"allow-scripts\" security=\"restricted\" style=\"position: absolute; clip: rect(1px, 1px, 1px, 1px);\" title=\"&#8220;Proyectos Digitales Nacidos en Pandemia&#8221; &#8212; Federaci\u00f3n Chilena de Go\" src=\"https:\/\/igochile.cl\/igochile2\/proyectos-digitales-nacidos-en-pandemia\/embed\/#?secret=eAx4QICdEi#?secret=ZN2NMRG32p\" data-secret=\"ZN2NMRG32p\" width=\"600\" height=\"338\" frameborder=\"0\" marginwidth=\"0\" marginheight=\"0\" scrolling=\"no\"><\/iframe><\/p>\n","protected":false},"excerpt":{"rendered":"<p>CLUBES ACTIVOS Club Tengen (Santiago) Mi\u00e9rcoles de 19:00 a 22:00 horas S\u00e1bado de 16:00 a 19:00 horas (se confirmar\u00e1 cada s\u00e1bado por el grupo de facebook) General Parra 674 oficina&hellip;<\/p>\n","protected":false},"author":2,"featured_media":0,"parent":0,"menu_order":3,"comment_status":"closed","ping_status":"closed","template":"","meta":{"pgc_sgb_lightbox_settings":"","footnotes":""},"_links":{"self":[{"href":"https:\/\/igochile.cl\/igochile2\/wp-json\/wp\/v2\/pages\/5"}],"collection":[{"href":"https:\/\/igochile.cl\/igochile2\/wp-json\/wp\/v2\/pages"}],"about":[{"href":"https:\/\/igochile.cl\/igochile2\/wp-json\/wp\/v2\/types\/page"}],"author":[{"embeddable":true,"href":"https:\/\/igochile.cl\/igochile2\/wp-json\/wp\/v2\/users\/2"}],"replies":[{"embeddable":true,"href":"https:\/\/igochile.cl\/igochile2\/wp-json\/wp\/v2\/comments?post=5"}],"version-history":[{"count":5,"href":"https:\/\/igochile.cl\/igochile2\/wp-json\/wp\/v2\/pages\/5\/revisions"}],"predecessor-version":[{"id":6428,"href":"https:\/\/igochile.cl\/igochile2\/wp-json\/wp\/v2\/pages\/5\/revisions\/6428"}],"wp:attachment":[{"href":"https:\/\/igochile.cl\/igochile2\/wp-json\/wp\/v2\/media?parent=5"}],"curies":[{"name":"wp","href":"https:\/\/api.w.org\/{rel}","templated":true}]}}