{"id":50,"date":"2013-06-09T19:53:48","date_gmt":"2013-06-09T19:53:48","guid":{"rendered":"http:\/\/makkaojeda.com\/proyectos\/igochile\/?page_id=50"},"modified":"2018-12-05T00:51:53","modified_gmt":"2018-12-05T03:51:53","slug":"que-es-el-go","status":"publish","type":"page","link":"https:\/\/igochile.cl\/igochile2\/que-es-el-go\/","title":{"rendered":"Qu\u00e9 es el Go"},"content":{"rendered":"<p align=\"justify\">El Go es un juego de estrategia que se origin\u00f3 en China hace unos 4.000 a\u00f1os, en que dos jugadores se participan colocando alternadamente piedras blancas y negras sobre un tablero en las intersecciones de una cuadr\u00edcula de 19&#215;19 l\u00edneas. A trav\u00e9s de la historia ha cautivado el inter\u00e9s de grandes personalidades de oriente como Sun Tzu, Confucio y Mao Tse Dong, y de occcidente como el matem\u00e1tico Gottfried Leibniz, el premio Nobel de Matem\u00e1ticas John Nash, y el escritor argentino Jorge Luis Borges quien incluso dedic\u00f3 un poema al juego. La belleza del juego ha servido de inspiraci\u00f3n para la ciencia, el cine, el arte, la literatura e incluso para series de comics (Hikaru No Go!). En la actualidad, es el segundo juego m\u00e1s popular del mundo, con unos 50 millones de jugadores. Estos se encuentran sobre todo en Asia, pero Internet ha contribuido a una r\u00e1pida expansi\u00f3n del juego en Occidente.<\/p>\n<p><strong>El Go<\/strong><\/p>\n<p>Hoy, 9 de septiembre de 1978,<br \/>\ntuve en la palma de mi mano un peque\u00f1o disco<br \/>\nde los trescientos sesenta y uno que se requieren<br \/>\npara el juego astrol\u00f3gico del Go,<br \/>\nese otro ajedrez de Oriente.<br \/>\nEs m\u00e1s antiguo que la m\u00e1s antigua escritura<br \/>\ny el tablero es un mapa del universo.<br \/>\nSus variaciones negras y blancas<br \/>\nagotar\u00e1n el tiempo;<br \/>\nen \u00e9l pueden perderse los hombres<br \/>\ncomo en el amor o en el d\u00eda.<br \/>\nHoy, 9 de septiembre de 1978,<br \/>\nyo, que soy ignorante de tantas cosas,<br \/>\ns\u00e9 que ignoro una m\u00e1s,<br \/>\ny agradezco a mis n\u00famenes<br \/>\nesta revelaci\u00f3n de laberintos<br \/>\nque ya no explorar\u00e9&#8230;<\/p>\n<p><strong>Jorge Luis Borges <\/strong><\/p>\n","protected":false},"excerpt":{"rendered":"<p>El Go es un juego de estrategia que se origin\u00f3 en China hace unos 4.000 a\u00f1os, en que dos jugadores se participan colocando alternadamente piedras blancas y negras sobre un&hellip;<\/p>\n","protected":false},"author":2,"featured_media":0,"parent":0,"menu_order":5,"comment_status":"closed","ping_status":"closed","template":"","meta":{"pgc_sgb_lightbox_settings":"","footnotes":""},"_links":{"self":[{"href":"https:\/\/igochile.cl\/igochile2\/wp-json\/wp\/v2\/pages\/50"}],"collection":[{"href":"https:\/\/igochile.cl\/igochile2\/wp-json\/wp\/v2\/pages"}],"about":[{"href":"https:\/\/igochile.cl\/igochile2\/wp-json\/wp\/v2\/types\/page"}],"author":[{"embeddable":true,"href":"https:\/\/igochile.cl\/igochile2\/wp-json\/wp\/v2\/users\/2"}],"replies":[{"embeddable":true,"href":"https:\/\/igochile.cl\/igochile2\/wp-json\/wp\/v2\/comments?post=50"}],"version-history":[{"count":5,"href":"https:\/\/igochile.cl\/igochile2\/wp-json\/wp\/v2\/pages\/50\/revisions"}],"predecessor-version":[{"id":1990,"href":"https:\/\/igochile.cl\/igochile2\/wp-json\/wp\/v2\/pages\/50\/revisions\/1990"}],"wp:attachment":[{"href":"https:\/\/igochile.cl\/igochile2\/wp-json\/wp\/v2\/media?parent=50"}],"curies":[{"name":"wp","href":"https:\/\/api.w.org\/{rel}","templated":true}]}}