{"id":5071,"date":"2021-05-29T16:59:28","date_gmt":"2021-05-29T19:59:28","guid":{"rendered":"https:\/\/igochile.cl\/igochile2\/?page_id=5071"},"modified":"2021-06-12T10:47:56","modified_gmt":"2021-06-12T13:47:56","slug":"torneo-femenino-congreso-chileno-de-go-2021","status":"publish","type":"page","link":"https:\/\/igochile.cl\/igochile2\/torneo-femenino-congreso-chileno-de-go-2021\/","title":{"rendered":"Torneo Femenino Congreso Chileno de Go 2021"},"content":{"rendered":"\n<figure class=\"wp-block-image\"><img loading=\"lazy\" decoding=\"async\" width=\"1024\" height=\"1024\" src=\"https:\/\/igochile.cl\/igochile2\/wp-content\/uploads\/2021\/05\/torneo-femenino-1024x1024.jpg\" alt=\"\" class=\"wp-image-5072\" srcset=\"https:\/\/igochile.cl\/igochile2\/wp-content\/uploads\/2021\/05\/torneo-femenino-1024x1024.jpg 1024w, https:\/\/igochile.cl\/igochile2\/wp-content\/uploads\/2021\/05\/torneo-femenino-150x150.jpg 150w, https:\/\/igochile.cl\/igochile2\/wp-content\/uploads\/2021\/05\/torneo-femenino-300x300.jpg 300w, https:\/\/igochile.cl\/igochile2\/wp-content\/uploads\/2021\/05\/torneo-femenino-768x768.jpg 768w, https:\/\/igochile.cl\/igochile2\/wp-content\/uploads\/2021\/05\/torneo-femenino-50x50.jpg 50w, https:\/\/igochile.cl\/igochile2\/wp-content\/uploads\/2021\/05\/torneo-femenino.jpg 1080w\" sizes=\"(max-width: 1024px) 100vw, 1024px\" \/><\/figure>\n\n\n\n<p><strong>\u00a1Bienvenidas al Torneo Femenino del Congreso Chileno de Go 2021!<\/strong><br><\/p>\n\n\n\n<p>A continuaci\u00f3n encontrar\u00e1n toda la informaci\u00f3n relevante sobre este evento.<br><\/p>\n\n\n\n<p><strong>Fecha<\/strong>:&nbsp; lunes 21 de junio 2021 a partir de las 19:30 hrs (zona horaria del evento: Santiago de Chile, GMT-4)<br><\/p>\n\n\n\n<p>1ra Ronda: 19:30 hrs<br><\/p>\n\n\n\n<p>2da Ronda: 21:30 hrs<br><\/p>\n\n\n\n<p><strong>Servidor<\/strong>: OGS (<a href=\"https:\/\/online-go.com\/\">https:\/\/online-go.com\/<\/a>)<br><\/p>\n\n\n\n<p><strong>Formato<\/strong>: Torneo individual abierto a jugadoras de Go mujeres sin restricci\u00f3n de nacionalidad, edad o nivel. Emparejamientos en grupos de 4 y seg\u00fan el nivel informado. Al finalizar el torneo, quienes hayan obtenido 2 victorias ser\u00e1n campeonas en su grupo.<br><\/p>\n\n\n\n<p><strong>Condiciones de las partidas<\/strong>:<\/p>\n\n\n\n<ul><li>Reglas japonesas<\/li><li>20 minutos tiempo principal y 3 periodos de byo-yomi de 30 segundos.&nbsp;<\/li><li>Partidas sin handicap, color aleatorio (nigiri).<\/li><li>Komi 6,5<\/li><li>No deben ser privadas y el an\u00e1lisis debe estar deshabilitado (revisar video <a href=\"https:\/\/youtu.be\/ExBeWPvtRGs\">C\u00f3mo crear un desaf\u00edo en OGS<\/a>).<\/li><\/ul>\n\n\n\n<p><strong>Inscripci\u00f3n<\/strong>: abierta hasta el viernes 18 de junio 2021, a trav\u00e9s del <a href=\"https:\/\/forms.gle\/4hofhdneToXszfMBA\">formulario general de inscripci\u00f3n<\/a>. Una vez registrada, favor ingresar al grupo del evento: <a href=\"https:\/\/online-go.com\/group\/9272\">Torneo Femenino Congreso Chileno 2021<\/a> (este grupo ser\u00e1 eliminado una vez que finalice el evento).<\/p>\n\n\n\n<p><strong>Consideraciones:<\/strong><br><\/p>\n\n\n\n<ul><li>Conectarse 10 minutos antes de la primera ronda al grupo del evento.<\/li><\/ul>\n\n\n\n<ul><li>El tiempo de espera al inicio de cada ronda es de 10 minutos, luego del cual la jugadora que se encuentre presente podr\u00e1 reclamar la victoria por no presentaci\u00f3n.<\/li><\/ul>\n\n\n\n<ul><li>Queda estrictamente prohibido el uso de inteligencia artificial. Si se detecta que una jugadora ha violado esta regla, ser\u00e1 descalificada del torneo.<\/li><\/ul>\n\n\n\n<ul><li>En caso de desconexi\u00f3n la jugadora tendr\u00e1 hasta 5 minutos para retomar la partida. Pasados los mismos, el servidor dar\u00e1 por perdida la partida autom\u00e1ticamente.&nbsp;<\/li><\/ul>\n\n\n\n<p>Encargada: Claudia Flores Coronado (clachalote)<\/p>\n\n\n\n<p>Consultas al correo: <a href=\"mailto:clachalote@gmail.com\">clachalote@gmail.com<\/a>&nbsp;<br><\/p>\n","protected":false},"excerpt":{"rendered":"<p>\u00a1Bienvenidas al Torneo Femenino del Congreso Chileno de Go 2021! A continuaci\u00f3n encontrar\u00e1n toda la informaci\u00f3n relevante sobre este evento. Fecha:&nbsp; lunes 21 de junio 2021 a partir de las&hellip;<\/p>\n","protected":false},"author":7,"featured_media":0,"parent":0,"menu_order":0,"comment_status":"closed","ping_status":"closed","template":"","meta":{"pgc_sgb_lightbox_settings":"","footnotes":""},"_links":{"self":[{"href":"https:\/\/igochile.cl\/igochile2\/wp-json\/wp\/v2\/pages\/5071"}],"collection":[{"href":"https:\/\/igochile.cl\/igochile2\/wp-json\/wp\/v2\/pages"}],"about":[{"href":"https:\/\/igochile.cl\/igochile2\/wp-json\/wp\/v2\/types\/page"}],"author":[{"embeddable":true,"href":"https:\/\/igochile.cl\/igochile2\/wp-json\/wp\/v2\/users\/7"}],"replies":[{"embeddable":true,"href":"https:\/\/igochile.cl\/igochile2\/wp-json\/wp\/v2\/comments?post=5071"}],"version-history":[{"count":3,"href":"https:\/\/igochile.cl\/igochile2\/wp-json\/wp\/v2\/pages\/5071\/revisions"}],"predecessor-version":[{"id":5130,"href":"https:\/\/igochile.cl\/igochile2\/wp-json\/wp\/v2\/pages\/5071\/revisions\/5130"}],"wp:attachment":[{"href":"https:\/\/igochile.cl\/igochile2\/wp-json\/wp\/v2\/media?parent=5071"}],"curies":[{"name":"wp","href":"https:\/\/api.w.org\/{rel}","templated":true}]}}