{"id":5076,"date":"2021-05-29T19:35:36","date_gmt":"2021-05-29T22:35:36","guid":{"rendered":"https:\/\/igochile.cl\/igochile2\/?page_id=5076"},"modified":"2021-06-23T22:41:31","modified_gmt":"2021-06-24T01:41:31","slug":"torneo-blitz-congreso-chileno-de-go","status":"publish","type":"page","link":"https:\/\/igochile.cl\/igochile2\/torneo-blitz-congreso-chileno-de-go\/","title":{"rendered":"Torneo Blitz Congreso Chileno de Go"},"content":{"rendered":"\n<figure class=\"wp-block-image\"><img loading=\"lazy\" decoding=\"async\" width=\"724\" height=\"1024\" src=\"https:\/\/igochile.cl\/igochile2\/wp-content\/uploads\/2021\/05\/Copia-de-AConvention-Center-724x1024.jpg\" alt=\"\" class=\"wp-image-5077\" srcset=\"https:\/\/igochile.cl\/igochile2\/wp-content\/uploads\/2021\/05\/Copia-de-AConvention-Center-724x1024.jpg 724w, https:\/\/igochile.cl\/igochile2\/wp-content\/uploads\/2021\/05\/Copia-de-AConvention-Center-212x300.jpg 212w, https:\/\/igochile.cl\/igochile2\/wp-content\/uploads\/2021\/05\/Copia-de-AConvention-Center-768x1086.jpg 768w, https:\/\/igochile.cl\/igochile2\/wp-content\/uploads\/2021\/05\/Copia-de-AConvention-Center.jpg 1414w\" sizes=\"(max-width: 724px) 100vw, 724px\" \/><\/figure>\n\n\n\n<p><strong>\u00a1Hola Bienvenidos al Torneo Blitz del Congreso Chileno de Go 2021!<\/strong><br><\/p>\n\n\n\n<p>A continuaci\u00f3n encontrar\u00e1n toda la informaci\u00f3n relevante sobre este evento.<br><\/p>\n\n\n\n<p><strong>Fecha<\/strong>:&nbsp; mi\u00e9rcoles 23 de junio 2021 a partir de las 19:00 hrs (zona horaria del evento: Santiago de Chile, GMT-4)<br><\/p>\n\n\n\n<p><strong>Servidor<\/strong>: KGS, sala chilena.<br><\/p>\n\n\n\n<p><strong>Formato<\/strong>: Torneo individual abierto a jugadoras y jugadores sin restricci\u00f3n de nacionalidad, edad o nivel. Torneo suizo a cinco rondas. De existir m\u00e1s de 32 inscritos se realizar\u00e1 Mac Mahon para dejar como m\u00e1ximo cinco rondas.<\/p>\n\n\n\n<p><a href=\"https:\/\/igochile.cl\/igochile2\/inscritos-torneo-blitz\">Inscritos<\/a><\/p>\n\n\n\n<p><a href=\"https:\/\/igochile.cl\/igochile2\/wp-content\/uploads\/2021\/06\/Ronda-1-Torneo-Blitz-Primer-Congreso-Chileno-de-Go-2021.pdf\">1ra Ronda<\/a>: 19:00 hrs<br><\/p>\n\n\n\n<p><a href=\"https:\/\/igochile.cl\/igochile2\/wp-content\/uploads\/2021\/06\/Ronda-2-Torneo-Blitz-Primer-Congreso-Chileno-de-Go-2021.pdf\">2da Ronda<\/a>: 19:30 hrs<\/p>\n\n\n\n<p><a href=\"https:\/\/igochile.cl\/igochile2\/wp-content\/uploads\/2021\/06\/Ronda-3-Torneo-Blitz-Primer-Congreso-Chileno-de-Go-2021.pdf\">3ra Ronda<\/a>: 20:00 hrs<br><\/p>\n\n\n\n<p><a href=\"https:\/\/igochile.cl\/igochile2\/wp-content\/uploads\/2021\/06\/Ronda-4-Torneo-Blitz-Primer-Congreso-Chileno-de-Go-2021.pdf\">4ta Ronda<\/a>: 20:30 hrs<br><\/p>\n\n\n\n<p><a href=\"https:\/\/igochile.cl\/igochile2\/wp-content\/uploads\/2021\/06\/Ronda-5-Torneo-Blitz-Primer-Congreso-Chileno-de-Go-2021.pdf\">5ta Ronda<\/a>: 21:00 hrs<\/p>\n\n\n\n<p><a href=\"https:\/\/igochile.cl\/igochile2\/wp-content\/uploads\/2021\/06\/Tabla-de-Posiciones-Torneo-Blitz-Primer-Congreso-Chileno-de-Go-2021.pdf\">Tabla de posiciones<\/a><\/p>\n\n\n\n<p><strong>Condiciones de las partidas<\/strong>:<\/p>\n\n\n\n<ul><li>Reglas japonesas<\/li><li>1 minuto tiempo principal y 3 periodos de byo-yomi de 10 segundos.&nbsp;<\/li><li>Partidas sin handicap, color aleatorio (nigiri).<\/li><li>Komi 6,5<\/li><li>No deben ser privadas.<\/li><li><strong>Inscripci\u00f3n<\/strong>: abierta hasta el viernes 18 de junio 2021, a trav\u00e9s del siguiente formulario:  <a href=\"https:\/\/forms.gle\/YJqAQnNQhcRbPzgA6\">formulario general de inscripci\u00f3n<\/a>. <\/li><\/ul>\n\n\n\n<p><strong>Consideraciones:<\/strong><br><\/p>\n\n\n\n<ul><li>Conectarse 10 minutos antes de la primera ronda al servidor KGS.<\/li><\/ul>\n\n\n\n<ul><li>El tiempo de espera al inicio de cada ronda es de 1 minuto, luego del cual el jugador que se encuentre presente podr\u00e1 reclamar la victoria por no presentaci\u00f3n.<\/li><\/ul>\n\n\n\n<ul><li>Queda estrictamente prohibido el uso de inteligencia artificial. Si se detecta que un jugador ha violado esta regla, ser\u00e1 descalificado del torneo.<\/li><\/ul>\n\n\n\n<ul><li>En caso de desconexi\u00f3n el jugador tendr\u00e1 hasta 5 minutos para retomar la partida. Pasados los mismos, se dar\u00e1 por p\u00e9rdida la partida.&nbsp;<\/li><\/ul>\n\n\n\n<p>Encargados: Valeria Millap\u00e1n (Fiona) y Miguel Mu\u00f1oz (Istaris)<\/p>\n\n\n\n<p>Consultas al correo: <a href=\"mailto:mmiguel777@hotmail.com\">mmiguel777@hotmail.com<\/a><br><\/p>\n","protected":false},"excerpt":{"rendered":"<p>\u00a1Hola Bienvenidos al Torneo Blitz del Congreso Chileno de Go 2021! A continuaci\u00f3n encontrar\u00e1n toda la informaci\u00f3n relevante sobre este evento. Fecha:&nbsp; mi\u00e9rcoles 23 de junio 2021 a partir de&hellip;<\/p>\n","protected":false},"author":7,"featured_media":0,"parent":0,"menu_order":0,"comment_status":"closed","ping_status":"closed","template":"","meta":{"pgc_sgb_lightbox_settings":"","footnotes":""},"_links":{"self":[{"href":"https:\/\/igochile.cl\/igochile2\/wp-json\/wp\/v2\/pages\/5076"}],"collection":[{"href":"https:\/\/igochile.cl\/igochile2\/wp-json\/wp\/v2\/pages"}],"about":[{"href":"https:\/\/igochile.cl\/igochile2\/wp-json\/wp\/v2\/types\/page"}],"author":[{"embeddable":true,"href":"https:\/\/igochile.cl\/igochile2\/wp-json\/wp\/v2\/users\/7"}],"replies":[{"embeddable":true,"href":"https:\/\/igochile.cl\/igochile2\/wp-json\/wp\/v2\/comments?post=5076"}],"version-history":[{"count":4,"href":"https:\/\/igochile.cl\/igochile2\/wp-json\/wp\/v2\/pages\/5076\/revisions"}],"predecessor-version":[{"id":5249,"href":"https:\/\/igochile.cl\/igochile2\/wp-json\/wp\/v2\/pages\/5076\/revisions\/5249"}],"wp:attachment":[{"href":"https:\/\/igochile.cl\/igochile2\/wp-json\/wp\/v2\/media?parent=5076"}],"curies":[{"name":"wp","href":"https:\/\/api.w.org\/{rel}","templated":true}]}}