{"id":5092,"date":"2021-06-05T12:44:11","date_gmt":"2021-06-05T15:44:11","guid":{"rendered":"https:\/\/igochile.cl\/igochile2\/?page_id=5092"},"modified":"2021-06-05T12:44:13","modified_gmt":"2021-06-05T15:44:13","slug":"taller-arte-del-go","status":"publish","type":"page","link":"https:\/\/igochile.cl\/igochile2\/taller-arte-del-go\/","title":{"rendered":"Taller Arte del Go"},"content":{"rendered":"\n<figure class=\"wp-block-image\"><img loading=\"lazy\" decoding=\"async\" width=\"520\" height=\"596\" src=\"https:\/\/igochile.cl\/igochile2\/wp-content\/uploads\/2021\/06\/ARTE-DEL-GO.jpg\" alt=\"\" class=\"wp-image-5093\" srcset=\"https:\/\/igochile.cl\/igochile2\/wp-content\/uploads\/2021\/06\/ARTE-DEL-GO.jpg 520w, https:\/\/igochile.cl\/igochile2\/wp-content\/uploads\/2021\/06\/ARTE-DEL-GO-262x300.jpg 262w\" sizes=\"(max-width: 520px) 100vw, 520px\" \/><\/figure>\n\n\n\n<p><strong>El Arte del Go<\/strong><\/p>\n\n\n\n<p>Taller que consiste en crear\nobras de ilustraci\u00f3n, pintura, fotograf\u00eda y video inspiradas en el Go. <\/p>\n\n\n\n<p>La est\u00e9tica y po\u00e9tica inserta por naturaleza dentro de la pr\u00e1ctica del juego ser\u00e1 la base para la elaboraci\u00f3n de un portafolio colectivo que se exhibir\u00e1 en la culminaci\u00f3n del 1er Congreso Chileno de Go. El objetivo es retratar nuestra vivencia interior respecto a la sensaci\u00f3n y percepci\u00f3n que provoca la experiencia de jugar una partida. De esta manera exploramos en el legado art\u00edstico-cultural que forma parte intr\u00ednseca del Go -como disciplina integral- y la traducimos a nuestro contexto personal.<\/p>\n\n\n\n<p>La propuesta es investigar el\njuego como una experiencia art\u00edstica-l\u00fadica de creatividad constante. <\/p>\n\n\n\n<p>Lo m\u00e1s importante es lo que\nsucede en cada cuadro, m\u00e1s que la t\u00e9cnica.<\/p>\n\n\n\n<p>Lo \u00fanico necesario es obtener\nlos materiales b\u00e1sicos para la realizaci\u00f3n de las obras (hojas, l\u00e1pices,\npinturas, pinceles, c\u00e1mara) y un tablero con piedras.<\/p>\n\n\n\n<p>Las\/Los integrantes s\u00f3lo\ndeben saber las reglas b\u00e1sicas del juego para participar, ya que las t\u00e9cnicas\nson parte de los ejercicios planteados dentro del taller. <\/p>\n\n\n\n<p>Con el fin de orientar de mejor manera el taller, hemos creado un cuestionario previo con preguntas necesarias para personalizar la experiencia. Por favor inscr\u00edbete ac\u00e1 <a href=\"https:\/\/docs.google.com\/forms\/d\/e\/1FAIpQLSdBYrwH8VtWnrFlwAd_Zb9ZbToFHxOH9KPrxGHgo5hB9ws5Og\/viewform?vc=0&amp;c=0&amp;w=1&amp;flr=0\">Formulario\u00a0de\u00a0inscripci\u00f3n.<\/a><\/p>\n\n\n\n<p>La cita es el mi\u00e9rcoles 23 de junio a las 21:30 hrs (GMT-4) Por Zoom <\/p>\n\n\n\n<p>La exposici\u00f3n sucede el lunes 28 de junio a las 18 hrs (GMT-4).<\/p>\n\n\n\n<p>Ambas ser\u00e1 transmitidas por Twitch en GobanTV <a href=\"https:\/\/www.twitch.tv\/gobantv\">https:\/\/www.twitch.tv\/gobantv<\/a><\/p>\n\n\n\n<p><strong>Programa:<\/strong><\/p>\n\n\n\n<p>&#8211; Bienvenida<\/p>\n\n\n\n<p>&#8211; Revisi\u00f3n de obras\nart\u00edsticas hist\u00f3ricas y actuales (10min)<\/p>\n\n\n\n<p>&#8211; Meditaci\u00f3n guiada con\nvisualizaciones sobre conceptos del Go (10min)<\/p>\n\n\n\n<p>&#8211; Juegos de caligraf\u00eda sobre\ntablero. (5min)<\/p>\n\n\n\n<p>&#8211; Croquis interpretativo de\nuna partida (10min)<\/p>\n\n\n\n<p>&#8211; Trazado de obra (25min)<\/p>\n\n\n\n<p>&#8211; Despedida, palabras finales\n(5min)<\/p>\n\n\n\n<p><strong>Consideraciones:<\/strong><\/p>\n\n\n\n<p>* La meditaci\u00f3n inicial\ndefine las im\u00e1genes y elementos que se desarrollan en la obra y los croquis\nprevios son parte de la creaci\u00f3n final.<\/p>\n\n\n\n<p>* Cada persona elige su\nt\u00e9cnica seg\u00fan los intereses y materiales que tenga. <\/p>\n\n\n\n<p>* Se les dar\u00e1 el periodo\nentre el taller y la exhibici\u00f3n como tiempo para continuar los detalles de su\nobra<\/p>\n\n\n\n<p>* Tendr\u00e1n la tarea de\nrealizar un registro audiovisual, que ser\u00e1 parte importante de la exposici\u00f3n\nfinal.<\/p>\n\n\n\n<p>* Todas las dudas ser\u00e1n\nacogidas en el grupo que se crear\u00e1 espec\u00edficamente para acompa\u00f1ar el taller.<\/p>\n\n\n\n<p>El Portafolio Colectivo consiste en un registro art\u00edstico dentro del marco del 1er Congreso Chileno de Go que ser\u00e1 publicado en la p\u00e1gina de la Federaci\u00f3n y a trav\u00e9s de las redes sociales asociadas a ella.<\/p>\n\n\n\n<p>Las\/Los integrantes no\nnecesitan ser artistas para participar, ya que este taller es una exploraci\u00f3n\ndedicada principalmente al juego del Go. De todas formas, si ya tienen\nexperiencia art\u00edstica a\u00fan mejor!<\/p>\n\n\n\n<p>Todas\/os recibir\u00e1n adjunto un\ndocumento con el marco te\u00f3rico, que contiene:<\/p>\n\n\n\n<p>&#8211; Introducci\u00f3n al arte del\njuego<\/p>\n\n\n\n<p>&#8211; Caligraf\u00eda elemental\n(conceptos y kanjis del Go)<\/p>\n\n\n\n<p>&#8211; Legado cultural: Arte\nantiguo chino y japon\u00e9s<\/p>\n\n\n\n<p>&#8211; Literatura relacionada con\nel Go<\/p>\n\n\n\n<p>&#8211; Arte contempor\u00e1neo global<\/p>\n\n\n\n<p>&#8211; Meditaci\u00f3n y visualizaci\u00f3n:\nM\u00e9todos favorables para el Go.<\/p>\n\n\n\n<p>&#8211; 3 Perspectivas est\u00e9ticas\ndel juego.<\/p>\n\n\n\n<p>&#8211; Conclusiones<\/p>\n","protected":false},"excerpt":{"rendered":"<p>El Arte del Go Taller que consiste en crear obras de ilustraci\u00f3n, pintura, fotograf\u00eda y video inspiradas en el Go. La est\u00e9tica y po\u00e9tica inserta por naturaleza dentro de la&hellip;<\/p>\n","protected":false},"author":7,"featured_media":0,"parent":0,"menu_order":0,"comment_status":"closed","ping_status":"closed","template":"","meta":{"pgc_sgb_lightbox_settings":"","footnotes":""},"_links":{"self":[{"href":"https:\/\/igochile.cl\/igochile2\/wp-json\/wp\/v2\/pages\/5092"}],"collection":[{"href":"https:\/\/igochile.cl\/igochile2\/wp-json\/wp\/v2\/pages"}],"about":[{"href":"https:\/\/igochile.cl\/igochile2\/wp-json\/wp\/v2\/types\/page"}],"author":[{"embeddable":true,"href":"https:\/\/igochile.cl\/igochile2\/wp-json\/wp\/v2\/users\/7"}],"replies":[{"embeddable":true,"href":"https:\/\/igochile.cl\/igochile2\/wp-json\/wp\/v2\/comments?post=5092"}],"version-history":[{"count":1,"href":"https:\/\/igochile.cl\/igochile2\/wp-json\/wp\/v2\/pages\/5092\/revisions"}],"predecessor-version":[{"id":5094,"href":"https:\/\/igochile.cl\/igochile2\/wp-json\/wp\/v2\/pages\/5092\/revisions\/5094"}],"wp:attachment":[{"href":"https:\/\/igochile.cl\/igochile2\/wp-json\/wp\/v2\/media?parent=5092"}],"curies":[{"name":"wp","href":"https:\/\/api.w.org\/{rel}","templated":true}]}}