{"id":5121,"date":"2021-06-12T10:44:01","date_gmt":"2021-06-12T13:44:01","guid":{"rendered":"https:\/\/igochile.cl\/igochile2\/?page_id=5121"},"modified":"2021-06-26T09:18:46","modified_gmt":"2021-06-26T12:18:46","slug":"torneo-pairgo-congreso-chileno-de-go-2021","status":"publish","type":"page","link":"https:\/\/igochile.cl\/igochile2\/torneo-pairgo-congreso-chileno-de-go-2021\/","title":{"rendered":"Torneo PairGo Congreso Chileno de Go 2021"},"content":{"rendered":"\n<figure class=\"wp-block-image is-resized\"><img loading=\"lazy\" decoding=\"async\" src=\"https:\/\/igochile.cl\/igochile2\/wp-content\/uploads\/2021\/06\/WhatsApp-Image-2021-06-03-at-00.50.57-723x1024.jpeg\" alt=\"\" class=\"wp-image-5122\" width=\"422\" height=\"597\" srcset=\"https:\/\/igochile.cl\/igochile2\/wp-content\/uploads\/2021\/06\/WhatsApp-Image-2021-06-03-at-00.50.57-723x1024.jpeg 723w, https:\/\/igochile.cl\/igochile2\/wp-content\/uploads\/2021\/06\/WhatsApp-Image-2021-06-03-at-00.50.57-212x300.jpeg 212w, https:\/\/igochile.cl\/igochile2\/wp-content\/uploads\/2021\/06\/WhatsApp-Image-2021-06-03-at-00.50.57-768x1087.jpeg 768w, https:\/\/igochile.cl\/igochile2\/wp-content\/uploads\/2021\/06\/WhatsApp-Image-2021-06-03-at-00.50.57.jpeg 904w\" sizes=\"(max-width: 422px) 100vw, 422px\" \/><\/figure>\n\n\n\n<p><strong>\u00a1Bienvenidos\/as al Torneo PairGo del Congreso Chileno de Go 2021!<\/strong><br><\/p>\n\n\n\n<p>A continuaci\u00f3n encontrar\u00e1n toda la informaci\u00f3n relevante sobre este evento.<br><\/p>\n\n\n\n<p><strong>Horarios:<\/strong><\/p>\n\n\n\n<p>Ronda 1: s\u00e1bado 26, 10:00 hrs<br><\/p>\n\n\n\n<p>Ronda 2: s\u00e1bado 26, 12:00 hrs<\/p>\n\n\n\n<p><strong>Ronda 3: domingo 27, 11:00 hrs<\/strong><\/p>\n\n\n\n<p><span style=\"background-color: rgb(232, 234, 235);\" class=\"tadv-format-panel\"><\/span>Todos los horarios en zona horaria del evento: Santiago de Chile, GMT-4<\/p>\n\n\n\n<p><strong>Servidor: <\/strong>KGS (<a href=\"https:\/\/www.gokgs.com\/\">https:\/\/www.gokgs.com\/<\/a><a href=\"https:\/\/online-go.com\/\"><\/a><a href=\"https:\/\/www.gokgs.com\/\"><\/a>), Sala Chilena (en apartado Social de las salas de KGS). <strong>IMPORTANTE: es necesario usar el cliente CGoban<\/strong><\/p>\n\n\n\n<p><strong>Modalidad: <\/strong>El formato del torneo ser\u00e1 Suizo a 3 rondas.<\/p>\n\n\n\n<p><strong>Condiciones de las partidas<\/strong>:<\/p>\n\n\n\n<ul><li>Reglas japonesas<\/li><li>20 minutos tiempo principal y 3 periodos de byo-yomi japon\u00e9s de 30 segundos.&nbsp;<\/li><li>Partidas con handicap igual a la diferencia de nivel promedio de las parejas menos 3.<\/li><li>Nigiri y Komi 6,5 en partidas igualadas, 0,5 en partidas con handicap.<\/li><li>Las partidas deben ser creadas por una de las jugadoras <strong>mujeres<\/strong>, por favor seguir las siguientes instrucciones: <strong><a href=\"https:\/\/www.youtube.com\/watch?v=uE1DKhpPWpM&amp;ab_channel=EstudiandoGoconIni\">C\u00f3mo armar una partida de PairGo en KGS<\/a><\/strong><\/li><\/ul>\n\n\n\n<p><strong>Inscripci\u00f3n<\/strong>: abierta hasta el <strong>viernes 25<\/strong> de junio 2021, a trav\u00e9s del <a href=\"https:\/\/forms.gle\/YJqAQnNQhcRbPzgA6\">formulario general de inscripci\u00f3n<\/a>. <\/p>\n\n\n\n<p><strong>Consideraciones:<\/strong><br><\/p>\n\n\n\n<ul><li>Conectarse 10 minutos antes de la primera ronda a la Sala Chilena de KGS.<\/li><\/ul>\n\n\n\n<ul><li>El tiempo de espera al inicio de cada ronda es de 10 minutos, luego del cual la pareja que se encuentre presente podr\u00e1 reclamar la victoria por no presentaci\u00f3n. <strong>La persona que haya perdido por no presentaci\u00f3n, debe comunicarse con Renate (Tatesin) o su pareja no ser\u00e1 considerada para las siguientes rondas del torneo. <\/strong><br>En el caso que un jugador o jugadora repita esta conducta durante 2 rondas consecutivas, la pareja ser\u00e1 eliminada del torneo.  <\/li><\/ul>\n\n\n\n<ul><li>Queda estrictamente prohibido el uso de inteligencia artificial. Si se detecta que un jugador o jugadora ha violado esta regla, la pareja ser\u00e1 descalificado\/a del torneo.<\/li><\/ul>\n\n\n\n<ul><li>En caso de desconexi\u00f3n el jugador o jugadora tendr\u00e1 hasta 5 minutos para retomar la partida. Pasados los mismos, la otra pareja puede pedir la victoria.&nbsp;<\/li><\/ul>\n\n\n\n<p>Encargada: Renate Reisenegger (Tatesin)<\/p>\n\n\n\n<p>Si tienen consultas por favor dirigirlas a rreisene@uc.cl<\/p>\n\n\n\n<p> <\/p>\n\n\n\n<p><strong>Reglamento Pair Go<\/strong><\/p>\n\n\n\n<p style=\"text-align:justify\"><strong>1. Composici\u00f3n de las parejas.<\/strong> En el juego se enfrentan dos parejas; cada una formada por una mujer y un hombre. <\/p>\n\n\n\n<p><strong>2. Turnos<\/strong><\/p>\n\n\n\n<ul><li>El juego se desarrolla en el siguiente orden: <strong>\u2192 Negras (mujer) \u2192 Blancas (mujer) \u2192 Negras (hombre) \u2192 Blancas (hombre) \u2192<br> <\/strong>Estos cuatro turnos constituyen una &#8220;ronda normal&#8221;. La ronda normal debe respetarse hasta el final de la partida. (En el caso de partidas con handicap, los colores se invierten!)<\/li><\/ul>\n\n\n\n<p style=\"text-align:justify\"><strong>3. Prohibici\u00f3n de la comunicaci\u00f3n entre compa\u00f1eros. <\/strong>Durante la partida, los jugadores no deben comunicarse entre s\u00ed verbalmente, mediante gestos ni de ninguna otra manera (salvo el acto de jugar), con fines de consulta o de transmisi\u00f3n de intenciones con relaci\u00f3n al juego. Como excepci\u00f3n a esta regla, pueden consultar acerca de si han de abandonar la partida y tambi\u00e9n confirmar a cu\u00e1l de los dos le toca jugar. En el primer caso, la consulta solo puede hacerla el jugador al que le toque jugar y debe limitarse a preguntar al compa\u00f1ero si aprueba su decisi\u00f3n de abandonar.<\/p>\n\n\n\n<p style=\"text-align:justify\"><strong>4. Abandono.<\/strong> Cualquier jugador, en su turno, puede abandonar la partida en nombre de la pareja, y su compa\u00f1ero\/a no puede anular la decisi\u00f3n.<\/p>\n\n\n\n<p><strong>5. Otros<\/strong><\/p>\n\n\n\n<ol><li>Cuando ambas parejas han pasado consecutivamente, el\njuego termina.<\/li><li>El &#8220;acuerdo&#8221; mencionado en las Reglas\nJaponesas de Go se interpreta como acuerdo entre los cuatro jugadores.<\/li><\/ol>\n\n\n\n<p style=\"text-align:justify\"><strong>Las reglas de este torneo son las aplicadas en el Mundial Amateur de\nPair Go.<\/strong><\/p>\n","protected":false},"excerpt":{"rendered":"<p>\u00a1Bienvenidos\/as al Torneo PairGo del Congreso Chileno de Go 2021! A continuaci\u00f3n encontrar\u00e1n toda la informaci\u00f3n relevante sobre este evento. Horarios: Ronda 1: s\u00e1bado 26, 10:00 hrs Ronda 2: s\u00e1bado&hellip;<\/p>\n","protected":false},"author":10,"featured_media":0,"parent":0,"menu_order":0,"comment_status":"closed","ping_status":"closed","template":"","meta":{"pgc_sgb_lightbox_settings":"","footnotes":""},"_links":{"self":[{"href":"https:\/\/igochile.cl\/igochile2\/wp-json\/wp\/v2\/pages\/5121"}],"collection":[{"href":"https:\/\/igochile.cl\/igochile2\/wp-json\/wp\/v2\/pages"}],"about":[{"href":"https:\/\/igochile.cl\/igochile2\/wp-json\/wp\/v2\/types\/page"}],"author":[{"embeddable":true,"href":"https:\/\/igochile.cl\/igochile2\/wp-json\/wp\/v2\/users\/10"}],"replies":[{"embeddable":true,"href":"https:\/\/igochile.cl\/igochile2\/wp-json\/wp\/v2\/comments?post=5121"}],"version-history":[{"count":4,"href":"https:\/\/igochile.cl\/igochile2\/wp-json\/wp\/v2\/pages\/5121\/revisions"}],"predecessor-version":[{"id":5282,"href":"https:\/\/igochile.cl\/igochile2\/wp-json\/wp\/v2\/pages\/5121\/revisions\/5282"}],"wp:attachment":[{"href":"https:\/\/igochile.cl\/igochile2\/wp-json\/wp\/v2\/media?parent=5121"}],"curies":[{"name":"wp","href":"https:\/\/api.w.org\/{rel}","templated":true}]}}