{"id":5133,"date":"2021-06-12T12:44:57","date_gmt":"2021-06-12T15:44:57","guid":{"rendered":"https:\/\/igochile.cl\/igochile2\/?page_id=5133"},"modified":"2021-06-12T13:14:36","modified_gmt":"2021-06-12T16:14:36","slug":"torneo-chileno-por-puntos","status":"publish","type":"page","link":"https:\/\/igochile.cl\/igochile2\/torneo-chileno-por-puntos\/","title":{"rendered":"Torneo Chileno por Puntos"},"content":{"rendered":"\n<figure class=\"wp-block-image\"><img loading=\"lazy\" decoding=\"async\" width=\"724\" height=\"1024\" src=\"https:\/\/igochile.cl\/igochile2\/wp-content\/uploads\/2021\/06\/1\u00b0-Congreso-Chileno-de-Go-724x1024.png\" alt=\"\" class=\"wp-image-5134\" srcset=\"https:\/\/igochile.cl\/igochile2\/wp-content\/uploads\/2021\/06\/1\u00b0-Congreso-Chileno-de-Go-724x1024.png 724w, https:\/\/igochile.cl\/igochile2\/wp-content\/uploads\/2021\/06\/1\u00b0-Congreso-Chileno-de-Go-212x300.png 212w, https:\/\/igochile.cl\/igochile2\/wp-content\/uploads\/2021\/06\/1\u00b0-Congreso-Chileno-de-Go-768x1086.png 768w, https:\/\/igochile.cl\/igochile2\/wp-content\/uploads\/2021\/06\/1\u00b0-Congreso-Chileno-de-Go.png 1587w\" sizes=\"(max-width: 724px) 100vw, 724px\" \/><\/figure>\n\n\n\n<p><strong>\u00a1Bienvenidos\/as al Torneo Nacional por Puntos del Primer Congreso Chileno de Go!<\/strong><br><\/p>\n\n\n\n<p>A continuaci\u00f3n encontrar\u00e1n toda la informaci\u00f3n relevante sobre este evento.<\/p>\n\n\n\n<p><strong>Inscripci\u00f3n<\/strong>: abierta hasta el Viernes 25 de junio 2021, a trav\u00e9s del <a href=\"https:\/\/forms.gle\/YJqAQnNQhcRbPzgA6\">formulario general de inscripci\u00f3n<\/a>. \n\n<\/p>\n\n\n\n<p class=\"has-medium-font-size\"><strong>Sistema de Puntos<\/strong><\/p>\n\n\n\n<p>Este torneo entregar\u00e1 puntos para el sistema de ranking nacional y para poder ser elegible para la representaci\u00f3n del pa\u00eds en eventos internacionales.<\/p>\n\n\n\n<p class=\"has-medium-font-size\"><strong>Fechas Importantes:<\/strong><\/p>\n\n\n\n<ul><li>Final de las Inscripciones: viernes 25 de Junio, 23:59 hrs*.<\/li><li>Confirmaci\u00f3n de Jugadores: Domingo 27 de Junio 13:00 &#8211; 13:55 hrs.<\/li><li>Ronda 1: Domingo 27 de Junio 14:00 hrs.<\/li><li>Ronda 2: Domingo 27 de Junio 18:00 hrs.<\/li><li>Ronda 3: Lunes 28 de Junio 10:00 hrs.<\/li><li>Ronda 4: Lunes 28 de Junio 14:00 hrs.<\/li><\/ul>\n\n\n\n<p>* Todos los horarios son en GMT-4<\/p>\n\n\n\n<p class=\"has-medium-font-size\"><strong>Servidor: <\/strong><\/p>\n\n\n\n<p>El torneo se jugar\u00e1n en<strong> KGS <\/strong>(<a href=\"https:\/\/www.gokgs.com\/\">https:\/\/www.gokgs.com\/<\/a><a href=\"https:\/\/online-go.com\/\"><\/a><a href=\"https:\/\/www.gokgs.com\/\"><\/a>), Sala Chilena (en apartado Social de las salas de KGS). <strong>Se recomienda usar el cliente CGoban.<\/strong><\/p>\n\n\n\n<p class=\"has-medium-font-size\"><strong>Modalidad: <\/strong><\/p>\n\n\n\n<p>El formato del torneo ser\u00e1 McMahon a 4 rondas.<\/p>\n\n\n\n<p class=\"has-medium-font-size\"><strong>Condiciones de las partidas<\/strong>:<\/p>\n\n\n\n<ul><li>Reglas japonesas<\/li><li>40 minutos tiempo principal y 3 periodos de byo-yomi japon\u00e9s de 30 segundos.&nbsp;<\/li><li>Todas las partidas son sin handicap.<\/li><li>Nigiri y Komi 6,5 en todas las partidas.<br><\/li><\/ul>\n\n\n\n<p class=\"has-medium-font-size\"><strong>Consideraciones:<\/strong><br><\/p>\n\n\n\n<ul><li>El tiempo de espera al inicio de cada ronda es de 10 minutos, luego del cual la pareja que se encuentre presente podr\u00e1 reclamar la victoria por no presentaci\u00f3n. <\/li><li>En el caso que un jugador o jugadora repita esta conducta durante 2 rondas ser\u00e1 eliminada del torneo.  <\/li><\/ul>\n\n\n\n<ul><li>Queda estrictamente prohibido el uso de inteligencia artificial. Si se detecta que un jugador o jugadora ha violado esta regla ser\u00e1 descalificado\/a del torneo.<\/li><\/ul>\n\n\n\n<ul><li>En caso de desconexi\u00f3n el jugador o jugadora tendr\u00e1 hasta 5 minutos para retomar la partida. Pasados los mismos, la otra pareja puede pedir la victoria.&nbsp;<\/li><\/ul>\n\n\n\n<p><strong>Encargado<\/strong>: Ignacio Iglesis (Rayheart)<\/p>\n\n\n\n<p>Si tienen consultas por favor dirigirlas a ignacioiglesis@igochile.cl <\/p>\n","protected":false},"excerpt":{"rendered":"<p>\u00a1Bienvenidos\/as al Torneo Nacional por Puntos del Primer Congreso Chileno de Go! A continuaci\u00f3n encontrar\u00e1n toda la informaci\u00f3n relevante sobre este evento. Inscripci\u00f3n: abierta hasta el Viernes 25 de junio&hellip;<\/p>\n","protected":false},"author":21,"featured_media":0,"parent":0,"menu_order":0,"comment_status":"closed","ping_status":"closed","template":"","meta":{"pgc_sgb_lightbox_settings":"","footnotes":""},"_links":{"self":[{"href":"https:\/\/igochile.cl\/igochile2\/wp-json\/wp\/v2\/pages\/5133"}],"collection":[{"href":"https:\/\/igochile.cl\/igochile2\/wp-json\/wp\/v2\/pages"}],"about":[{"href":"https:\/\/igochile.cl\/igochile2\/wp-json\/wp\/v2\/types\/page"}],"author":[{"embeddable":true,"href":"https:\/\/igochile.cl\/igochile2\/wp-json\/wp\/v2\/users\/21"}],"replies":[{"embeddable":true,"href":"https:\/\/igochile.cl\/igochile2\/wp-json\/wp\/v2\/comments?post=5133"}],"version-history":[{"count":3,"href":"https:\/\/igochile.cl\/igochile2\/wp-json\/wp\/v2\/pages\/5133\/revisions"}],"predecessor-version":[{"id":5143,"href":"https:\/\/igochile.cl\/igochile2\/wp-json\/wp\/v2\/pages\/5133\/revisions\/5143"}],"wp:attachment":[{"href":"https:\/\/igochile.cl\/igochile2\/wp-json\/wp\/v2\/media?parent=5133"}],"curies":[{"name":"wp","href":"https:\/\/api.w.org\/{rel}","templated":true}]}}