{"id":5250,"date":"2021-06-24T12:04:01","date_gmt":"2021-06-24T15:04:01","guid":{"rendered":"https:\/\/igochile.cl\/igochile2\/?page_id=5250"},"modified":"2021-06-24T19:57:26","modified_gmt":"2021-06-24T22:57:26","slug":"torneo-9x9","status":"publish","type":"page","link":"https:\/\/igochile.cl\/igochile2\/torneo-9x9\/","title":{"rendered":"Torneo 9\u00d79"},"content":{"rendered":"\n<figure class=\"wp-block-image\"><img loading=\"lazy\" decoding=\"async\" width=\"655\" height=\"629\" src=\"https:\/\/igochile.cl\/igochile2\/wp-content\/uploads\/2021\/06\/screen-2021-06-24-13-01-22.jpg\" alt=\"\" class=\"wp-image-5264\" srcset=\"https:\/\/igochile.cl\/igochile2\/wp-content\/uploads\/2021\/06\/screen-2021-06-24-13-01-22.jpg 655w, https:\/\/igochile.cl\/igochile2\/wp-content\/uploads\/2021\/06\/screen-2021-06-24-13-01-22-300x288.jpg 300w\" sizes=\"(max-width: 655px) 100vw, 655px\" \/><\/figure>\n\n\n\n<p><strong>\u00a1Bienvenidos y Bienvenidas al Torneo 9&#215;9 del Congreso Chileno de Go 2021!<\/strong><br><\/p>\n\n\n\n<p><strong>Fecha<\/strong>:&nbsp; Jueves 24 de Junio desde las 19:00 hrs (horario de Santiago de Chile, GMT-4)<br><\/p>\n\n\n\n<p>1ra Ronda: 19:00 hrs<br><\/p>\n\n\n\n<p>2da Ronda: 19:25 hrs<\/p>\n\n\n\n<p>3ra Ronda: 19:50<br><br>4ta Ronda: 20:15<br><br>5ta Ronda: 20:40<br><br>6ta Ronda (Finalistas): 21:05<br><br><strong>*<\/strong>Los horarios son referenciales, y estar\u00e1n sujetos a los cambios y retrasos que podr\u00edan surgir durante el desarrollo del torneo.<\/p>\n\n\n\n<p><strong>Servidor<\/strong>: OGS en la siguiente sala: <a href=\"https:\/\/online-go.com\/group\/9511\">https:\/\/online-go.com\/group\/9511<\/a><br><\/p>\n\n\n\n<p><strong>Formato<\/strong>: Torneo individual abierto a jugadoras y jugadores sin restricci\u00f3n de nacionalidad, edad o nivel. <br>Seg\u00fan la cantidad de inscritos los jugadores ser\u00e1n divididos en dos grupos, en donde se disputar\u00e1n un total de 5 rondas en formato de torneo Suizo. <br>Al finalizar se obtendr\u00e1n tres primeros lugares en cada grupo los cuales se enfrentar\u00e1n en una sexta ronda final de la siguiente manera:<br><br>Primer Lugar del grupo 1 vs Primer Lugar del grupo 2<br>Segundo Lugar del grupo 1 vs Segundo Lugar del grupo 2<br>Tercer Lugar del grupo 1 vs Tercer Lugar del grupo 2<\/p>\n\n\n\n<figure class=\"wp-block-image\"><img loading=\"lazy\" decoding=\"async\" width=\"799\" height=\"371\" src=\"https:\/\/igochile.cl\/igochile2\/wp-content\/uploads\/2021\/06\/screen-2021-06-24-19-53-26.jpg\" alt=\"\" class=\"wp-image-5277\" srcset=\"https:\/\/igochile.cl\/igochile2\/wp-content\/uploads\/2021\/06\/screen-2021-06-24-19-53-26.jpg 799w, https:\/\/igochile.cl\/igochile2\/wp-content\/uploads\/2021\/06\/screen-2021-06-24-19-53-26-300x139.jpg 300w, https:\/\/igochile.cl\/igochile2\/wp-content\/uploads\/2021\/06\/screen-2021-06-24-19-53-26-768x357.jpg 768w\" sizes=\"(max-width: 799px) 100vw, 799px\" \/><\/figure>\n\n\n\n<p><strong>Condiciones de las partidas<\/strong>:<\/p>\n\n\n\n<ul><li>Reglas japonesas<\/li><li>10 minutos de tiempo absoluto<\/li><li>Partidas sin handicap, color aleatorio (Autom\u00e1tico).<\/li><li>Komi Personalizado de 6,5<\/li><li>Las partidas <strong>no deben configurarse como privadas<\/strong> y el an\u00e1lisis debe estar <strong>deshabilitado.<\/strong><\/li><\/ul>\n\n\n\n<p><strong>Consideraciones:<\/strong><br><\/p>\n\n\n\n<ul><li>Conectarse 10 minutos antes de la primera ronda al grupo de OGS.<\/li><li>El tiempo de espera al inicio de la primera ronda ser\u00e1 de 10 minutos. Si los jugadores no se presentan en este plazo su primera partida ser\u00e1 contabilizada como derrota. En las siguientes rondas el tiempo de espera ser\u00e1 de 5 minutos.<\/li><li>Queda estrictamente prohibido el uso de inteligencia artificial. Si se detecta que un jugador ha violado esta regla, ser\u00e1 descalificada del torneo.<\/li><li>En caso de desconexi\u00f3n el jugador tendr\u00e1 hasta 5 minutos para retomar la partida. Pasados los mismos, el servidor dar\u00e1 por perdida la partida autom\u00e1ticamente.&nbsp;<\/li><\/ul>\n\n\n\n<p><strong>INSCRIPCIONES FUERA DE PLAZO:<\/strong><\/p>\n\n\n\n<p>Las inscripciones se cerrar\u00e1n el d\u00eda Jueves 24 de Junio a las 18:00 hrs (horario de Santiago de Chile GMT-4) y las podr\u00e1n realizar a trav\u00e9s del siguiente formulario: <a href=\"https:\/\/forms.gle\/pgx9zKGYsJNVdEWk9\">https:\/\/forms.gle\/pgx9zKGYsJNVdEWk9<\/a><\/p>\n\n\n\n<p><strong>RECONOCIMIENTOS:<\/strong><br><br>Se reconocer\u00e1 a los 3 ganadores de la ronda final como los primeros lugares de este torneo, y adem\u00e1s se har\u00e1 un reconocimiento especial al mejor jugador DDK.<\/p>\n\n\n\n<p>Directores del Torneo: <br>Esteban S\u00e1nchez (nick OGS: Keb)<br>Benjam\u00edn Mimiza (nick OGS: Yuuki.Sho)<br>Sebasti\u00e1n Montiel (nick OGS: sbstnmntlf)<\/p>\n\n\n\n<p><\/p>\n","protected":false},"excerpt":{"rendered":"<p>\u00a1Bienvenidos y Bienvenidas al Torneo 9&#215;9 del Congreso Chileno de Go 2021! Fecha:&nbsp; Jueves 24 de Junio desde las 19:00 hrs (horario de Santiago de Chile, GMT-4) 1ra Ronda: 19:00&hellip;<\/p>\n","protected":false},"author":9,"featured_media":0,"parent":0,"menu_order":0,"comment_status":"closed","ping_status":"closed","template":"","meta":{"pgc_sgb_lightbox_settings":"","footnotes":""},"_links":{"self":[{"href":"https:\/\/igochile.cl\/igochile2\/wp-json\/wp\/v2\/pages\/5250"}],"collection":[{"href":"https:\/\/igochile.cl\/igochile2\/wp-json\/wp\/v2\/pages"}],"about":[{"href":"https:\/\/igochile.cl\/igochile2\/wp-json\/wp\/v2\/types\/page"}],"author":[{"embeddable":true,"href":"https:\/\/igochile.cl\/igochile2\/wp-json\/wp\/v2\/users\/9"}],"replies":[{"embeddable":true,"href":"https:\/\/igochile.cl\/igochile2\/wp-json\/wp\/v2\/comments?post=5250"}],"version-history":[{"count":5,"href":"https:\/\/igochile.cl\/igochile2\/wp-json\/wp\/v2\/pages\/5250\/revisions"}],"predecessor-version":[{"id":5278,"href":"https:\/\/igochile.cl\/igochile2\/wp-json\/wp\/v2\/pages\/5250\/revisions\/5278"}],"wp:attachment":[{"href":"https:\/\/igochile.cl\/igochile2\/wp-json\/wp\/v2\/media?parent=5250"}],"curies":[{"name":"wp","href":"https:\/\/api.w.org\/{rel}","templated":true}]}}