{"id":6485,"date":"2023-12-17T15:37:47","date_gmt":"2023-12-17T18:37:47","guid":{"rendered":"https:\/\/igochile.cl\/igochile2\/?page_id=6485"},"modified":"2023-12-17T15:37:48","modified_gmt":"2023-12-17T18:37:48","slug":"resultados-serie-chilena-2023","status":"publish","type":"page","link":"https:\/\/igochile.cl\/igochile2\/resultados-serie-chilena-2023\/","title":{"rendered":"Resultados Serie Chilena 2023"},"content":{"rendered":"\n<figure class=\"wp-block-table\"><table><tbody><tr><td>Num<\/td><td>Pl<\/td><td>Name<\/td><td>Nombre<\/td><td>Apellido<\/td><td>Rank<\/td><td>Co<\/td><td>Club<\/td><td>NbW<\/td><td>R 1<\/td><td>R 2<\/td><td>R 3<\/td><td>R 4<\/td><td>R 5<\/td><td>MMS<\/td><td>SOS<\/td><td>SOSOS<\/td><\/tr><tr><td>1<\/td><td>1<\/td><td>Mat\u00edas Salinas<\/td><td>Mat\u00edas<\/td><td>Salinas<\/td><td>2K<\/td><td>CL<\/td><td>AKN<\/td><td>5<\/td><td>22+\/b0<\/td><td>8+\/w0<\/td><td>6+\/b0<\/td><td>9+\/w0<\/td><td>2+\/b0<\/td><td>25<\/td><td>115<\/td><td>577<\/td><\/tr><tr><td>2<\/td><td>2<\/td><td>Mat\u00edas Navarro<\/td><td>Mat\u00edas<\/td><td>Navarro<\/td><td>2D<\/td><td>CL<\/td><td>TGN<\/td><td>4<\/td><td>19+\/b0<\/td><td>20+\/w0<\/td><td>14+\/w0<\/td><td>3+\/b0<\/td><td>1-\/w0<\/td><td>24<\/td><td>116<\/td><td>567<\/td><\/tr><tr><td>3<\/td><td>3<\/td><td>Wenhe Jin<\/td><td>Wenhe<\/td><td>Jin<\/td><td>1K<\/td><td>CH<\/td><td>IND<\/td><td>4<\/td><td>29+\/w0<\/td><td>15+\/b0<\/td><td>7+\/b0<\/td><td>2-\/w0<\/td><td>6+\/b0<\/td><td>24<\/td><td>114<\/td><td>575\u00bd<\/td><\/tr><tr><td>4<\/td><td>4<\/td><td>C\u00e9sar Riquelme<\/td><td>C\u00e9sar<\/td><td>Riquelme<\/td><td>4K<\/td><td>CL<\/td><td>ICO<\/td><td>4<\/td><td>7-\/b0<\/td><td>23+\/w0<\/td><td>25+\/b0<\/td><td>11+\/w0<\/td><td>9+\/b0<\/td><td>24<\/td><td>113<\/td><td>563\u00bd<\/td><\/tr><tr><td>5<\/td><td>5<\/td><td>Nicol\u00e1s Kuschinski<\/td><td>Nicol\u00e1s<\/td><td>Kuschinski<\/td><td>3D<\/td><td>MX<\/td><td>TGN<\/td><td>4<\/td><td>10-\/w0<\/td><td>34+\/b0<\/td><td>19+\/w0<\/td><td>7+\/w0<\/td><td>8+\/b0<\/td><td>24<\/td><td>112<\/td><td>566\u00bd<\/td><\/tr><tr><td>6<\/td><td>6<\/td><td>Pandora Escobar<\/td><td>Pandora<\/td><td>Escobar<\/td><td>5K<\/td><td>CL<\/td><td>TGN<\/td><td>3<\/td><td>14+\/w0<\/td><td>10+\/b0<\/td><td>1-\/w0<\/td><td>18+\/b0<\/td><td>3-\/w0<\/td><td>23<\/td><td>117<\/td><td>569<\/td><\/tr><tr><td>7<\/td><td>7<\/td><td>Juan Carlos Carrillo<\/td><td>Juan Carlos<\/td><td>Carrillo<\/td><td>2K<\/td><td>CL<\/td><td>SBK<\/td><td>3<\/td><td>4+\/w0<\/td><td>16+\/b0<\/td><td>3-\/w0<\/td><td>5-\/b0<\/td><td>18+\/w0<\/td><td>23<\/td><td>117<\/td><td>564<\/td><\/tr><tr><td>8<\/td><td>8<\/td><td>Agust\u00edn Antonissen<\/td><td>Agust\u00edn<\/td><td>Antonissen<\/td><td>1K<\/td><td>CL<\/td><td>TGN<\/td><td>3<\/td><td>18+\/w0<\/td><td>1-\/b0<\/td><td>21+\/b0<\/td><td>12+\/w0<\/td><td>5-\/w0<\/td><td>23<\/td><td>116<\/td><td>567<\/td><\/tr><tr><td>9<\/td><td>9<\/td><td>Alex Mitrani<\/td><td>Alex<\/td><td>Mitrani<\/td><td>3K<\/td><td>EN<\/td><td>TGN<\/td><td>3<\/td><td>21+\/b0<\/td><td>31+\/w0<\/td><td>11+\/b0<\/td><td>1-\/b0<\/td><td>4-\/w0<\/td><td>23<\/td><td>115<\/td><td>563<\/td><\/tr><tr><td>10<\/td><td>10<\/td><td>Jos\u00e9 Fern\u00e1ndez<\/td><td>Jos\u00e9<\/td><td>Fern\u00e1ndez<\/td><td>1K<\/td><td>CL<\/td><td>AKN<\/td><td>3<\/td><td>5+\/b0<\/td><td>6-\/w0<\/td><td>12-\/b0<\/td><td>29+\/w0<\/td><td>16+\/b0<\/td><td>23<\/td><td>114<\/td><td>566\u00bd<\/td><\/tr><tr><td>11<\/td><td>11<\/td><td>Osvaldo Moreno<\/td><td>Osvaldo<\/td><td>Moreno<\/td><td>1K<\/td><td>CL<\/td><td>IND<\/td><td>3<\/td><td>30+\/b0<\/td><td>13+\/w0<\/td><td>9-\/w0<\/td><td>4-\/b0<\/td><td>22+\/b0<\/td><td>23<\/td><td>113<\/td><td>564<\/td><\/tr><tr><td>12<\/td><td>12<\/td><td>Alfredo Valenzuela<\/td><td>Alfredo<\/td><td>Valenzuela<\/td><td>2K<\/td><td>CL<\/td><td>IND<\/td><td>3<\/td><td>13-\/b0<\/td><td>25+\/w0<\/td><td>10+\/w0<\/td><td>8-\/b0<\/td><td>20+\/w0<\/td><td>23<\/td><td>113<\/td><td>563\u00bd<\/td><\/tr><tr><td>13<\/td><td>13<\/td><td>An\u00edbal P\u00e9rez<\/td><td>An\u00edbal<\/td><td>P\u00e9rez<\/td><td>3K<\/td><td>CL<\/td><td>TGN<\/td><td>3<\/td><td>12+\/w0<\/td><td>11-\/b0<\/td><td>24+\/w0<\/td><td>15-\/b0<\/td><td>19+\/b0<\/td><td>23<\/td><td>113<\/td><td>562<\/td><\/tr><tr><td>14<\/td><td>14<\/td><td>Felipe Figueroa<\/td><td>Felipe<\/td><td>Figueroa<\/td><td>3K<\/td><td>CL<\/td><td>SBK<\/td><td>3<\/td><td>6-\/b0<\/td><td>27+\/w0<\/td><td>2-\/b0<\/td><td>23+\/w0<\/td><td>29+\/b0<\/td><td>23<\/td><td>112<\/td><td>563<\/td><\/tr><tr><td>15<\/td><td><\/td><td>Francisco Gonz\u00e1lez<\/td><td>Francisco<\/td><td>Gonz\u00e1lez<\/td><td>1D<\/td><td>CL<\/td><td>TGN<\/td><td>3<\/td><td>31+\/b0<\/td><td>3-\/w0<\/td><td>18-\/w0<\/td><td>13+\/w0<\/td><td>21+\/b0<\/td><td>23<\/td><td>112<\/td><td>563<\/td><\/tr><tr><td>16<\/td><td>16<\/td><td>Ram\u00f3n Catt\u00e1n<\/td><td>Ram\u00f3n<\/td><td>Catt\u00e1n<\/td><td>1D<\/td><td>CL<\/td><td>TGN<\/td><td>3<\/td><td>24+\/b0<\/td><td>7-\/w0<\/td><td>32+\/w0<\/td><td>20+\/b0<\/td><td>10-\/w0<\/td><td>23<\/td><td>111<\/td><td>563\u00bd<\/td><\/tr><tr><td>17<\/td><td>17<\/td><td>Domingo Acevedo<\/td><td>Domingo<\/td><td>Acevedo<\/td><td>14K<\/td><td>CL<\/td><td>AKN<\/td><td>4<\/td><td>33+\/b0<\/td><td>21-\/w0<\/td><td>34+\/b0<\/td><td>32+\/b0<\/td><td>26+\/w0<\/td><td>23<\/td><td>107<\/td><td>541<\/td><\/tr><tr><td>18<\/td><td>18<\/td><td>Benjam\u00edn Mimiza<\/td><td>Benjam\u00edn<\/td><td>Mimiza<\/td><td>4K<\/td><td>CL<\/td><td>AKN<\/td><td>2<\/td><td>8-\/b0<\/td><td>22+\/w0<\/td><td>15+\/b0<\/td><td>6-\/w0<\/td><td>7-\/b0<\/td><td>22<\/td><td>114<\/td><td>575<\/td><\/tr><tr><td>19<\/td><td>19<\/td><td>Luis \u00c1lvarez<\/td><td>Luis<\/td><td>\u00c1lvarez<\/td><td>5K<\/td><td>CL<\/td><td>IND<\/td><td>2<\/td><td>2-\/w0<\/td><td>29+\/b0<\/td><td>5-\/b0<\/td><td>31+\/w0<\/td><td>13-\/w0<\/td><td>22<\/td><td>113<\/td><td>563\u00bd<\/td><\/tr><tr><td>20<\/td><td>20<\/td><td>Iv\u00e1n Co\u00f1om\u00e1n<\/td><td>Iv\u00e1n<\/td><td>Co\u00f1om\u00e1n<\/td><td>3K<\/td><td>CL<\/td><td>AKN<\/td><td>2<\/td><td>23+\/b0<\/td><td>2-\/b0<\/td><td>30+\/w0<\/td><td>16-\/w0<\/td><td>12-\/b0<\/td><td>22<\/td><td>113<\/td><td>561<\/td><\/tr><tr><td>21<\/td><td>21<\/td><td>Yoann Augen<\/td><td>Yoann<\/td><td>Augen<\/td><td>5K<\/td><td>CL<\/td><td>IND<\/td><td>2<\/td><td>9-\/w0<\/td><td>17+\/b0<\/td><td>8-\/w0<\/td><td>30+\/b0<\/td><td>15-\/w0<\/td><td>22<\/td><td>113<\/td><td>560<\/td><\/tr><tr><td>22<\/td><td>22<\/td><td>Mariel Palma<\/td><td>Mariel<\/td><td>Palma<\/td><td>8K<\/td><td>CL<\/td><td>NGN<\/td><td>2<\/td><td>1-\/w0<\/td><td>18-\/b0<\/td><td>35+\/b0<\/td><td>24+\/w0<\/td><td>11-\/w0<\/td><td>22<\/td><td>113<\/td><td>557<\/td><\/tr><tr><td>23<\/td><td>23<\/td><td>Yunuen Vital<\/td><td>Yunuen<\/td><td>Vital<\/td><td>5K<\/td><td>MX<\/td><td>TGN<\/td><td>2<\/td><td>20-\/w0<\/td><td>4-\/b0<\/td><td>33+\/w0<\/td><td>14-\/b0<\/td><td>31+\/w0<\/td><td>22<\/td><td>111<\/td><td>554<\/td><\/tr><tr><td>24<\/td><td>24<\/td><td>Rodrigo Miranda<\/td><td>Rodrigo<\/td><td>Miranda<\/td><td>8K<\/td><td>CL<\/td><td>HNK<\/td><td>2<\/td><td>16-\/w0<\/td><td>26+\/w0<\/td><td>13-\/b0<\/td><td>22-\/b0<\/td><td>30+\/b0<\/td><td>22<\/td><td>111<\/td><td>553<\/td><\/tr><tr><td>25<\/td><td>25<\/td><td>Mauricio Kusanovic<\/td><td>Mauricio<\/td><td>Kusanovic<\/td><td>15K<\/td><td>CL<\/td><td>AKN<\/td><td>3<\/td><td>37+\/w0<\/td><td>12-\/b0<\/td><td>4-\/w0<\/td><td>39+\/b0<\/td><td>38+\/b0<\/td><td>22<\/td><td>107\u00bd<\/td><td>534\u00bd<\/td><\/tr><tr><td>26<\/td><td>26<\/td><td>Mauricio Fuentealba<\/td><td>Mauricio<\/td><td>Fuentealba<\/td><td>16K<\/td><td>CL<\/td><td>TGN<\/td><td>3<\/td><td>40+\/w0<\/td><td>24-\/b0<\/td><td>36+\/w0<\/td><td>33+\/b0<\/td><td>17-\/b0<\/td><td>22<\/td><td>106<\/td><td>532<\/td><\/tr><tr><td>27<\/td><td>27<\/td><td>Yunyi Wang<\/td><td>Yunyi<\/td><td>Wang<\/td><td>20K<\/td><td>CH<\/td><td>IND<\/td><td>3<\/td><td>32-\/b0<\/td><td>14-\/b0<\/td><td>37+\/w0<\/td><td>35+\/w0<\/td><td>39+\/w0<\/td><td>22<\/td><td>105\u00bd<\/td><td>530\u00bd<\/td><\/tr><tr><td>28<\/td><td>28<\/td><td>Emilio P\u00e9rez<\/td><td>Emilio<\/td><td>P\u00e9rez<\/td><td>18K<\/td><td>CL<\/td><td>AKN<\/td><td>3<\/td><td>34-\/w0<\/td><td>0+<\/td><td>29-\/b0<\/td><td>38+\/w0<\/td><td>32+\/b0<\/td><td>22<\/td><td>102<\/td><td>526<\/td><\/tr><tr><td>29<\/td><td>29<\/td><td>Aaron Cajales<\/td><td>Aaron<\/td><td>Cajales<\/td><td>4K<\/td><td>CL<\/td><td>NGN<\/td><td>1<\/td><td>3-\/b0<\/td><td>19-\/w0<\/td><td>28+\/w0<\/td><td>10-\/b0<\/td><td>14-\/w0<\/td><td>21<\/td><td>113\u00bd<\/td><td>555<\/td><\/tr><tr><td>30<\/td><td>30<\/td><td>Francisco Loyola<\/td><td>Francisco<\/td><td>Loyola<\/td><td>5K<\/td><td>CL<\/td><td>TGN<\/td><td>1<\/td><td>11-\/w0<\/td><td>36+\/b0<\/td><td>20-\/b0<\/td><td>21-\/w0<\/td><td>24-\/w0<\/td><td>21<\/td><td>110<\/td><td>552<\/td><\/tr><tr><td>31<\/td><td>31<\/td><td>Pablo N\u00fa\u00f1ez<\/td><td>Pablo<\/td><td>N\u00fa\u00f1ez<\/td><td>6K<\/td><td>CL<\/td><td>RNN<\/td><td>1<\/td><td>15-\/w0<\/td><td>9-\/b0<\/td><td>40+\/w0<\/td><td>19-\/b0<\/td><td>23-\/b0<\/td><td>21<\/td><td>109<\/td><td>556<\/td><\/tr><tr><td>32<\/td><td>32<\/td><td>Percy Vargas<\/td><td>Percy<\/td><td>Vargas<\/td><td>14K<\/td><td>CL<\/td><td>SBK<\/td><td>2<\/td><td>27+\/w0<\/td><td>40+\/b0<\/td><td>16-\/b0<\/td><td>17-\/w0<\/td><td>28-\/w0<\/td><td>21<\/td><td>108\u00bd<\/td><td>530\u00bd<\/td><\/tr><tr><td>33<\/td><td>33<\/td><td>Sebasti\u00e1n Sep\u00falveda<\/td><td>Sebasti\u00e1n<\/td><td>Sep\u00falveda<\/td><td>20K<\/td><td>CL<\/td><td>IND<\/td><td>2<\/td><td>17-\/w0<\/td><td>38+\/b0<\/td><td>23-\/b0<\/td><td>26-\/w0<\/td><td>37+\/b0<\/td><td>21<\/td><td>107<\/td><td>531\u00bd<\/td><\/tr><tr><td>34<\/td><td>34<\/td><td>Crist\u00f3bal Varela<\/td><td>Crist\u00f3bal<\/td><td>Varela<\/td><td>17K<\/td><td>CL<\/td><td>IND<\/td><td>1<\/td><td>28+\/b0<\/td><td>5-\/w0<\/td><td>17-\/w0<\/td><td>0=<\/td><td>0=<\/td><td>21<\/td><td>106\u00bd<\/td><td>511<\/td><\/tr><tr><td>35<\/td><td>35<\/td><td>Santiago Acevedo<\/td><td>Santiago<\/td><td>Acevedo<\/td><td>20K<\/td><td>CL<\/td><td>AKN<\/td><td>2<\/td><td>36-\/w0<\/td><td>37+\/b0<\/td><td>22-\/w0<\/td><td>27-\/b0<\/td><td>40+\/b0<\/td><td>21<\/td><td>104<\/td><td>530\u00bd<\/td><\/tr><tr><td>36<\/td><td>36<\/td><td>Victoria Henao<\/td><td>Victoria<\/td><td>Henao<\/td><td>17K<\/td><td>CO<\/td><td>IND<\/td><td>1<\/td><td>35+\/b0<\/td><td>30-\/w0<\/td><td>26-\/b0<\/td><td>0=<\/td><td>0=<\/td><td>21<\/td><td>102<\/td><td>510<\/td><\/tr><tr><td>37<\/td><td>37<\/td><td>Sophia Duk<\/td><td>Sophia<\/td><td>Duk<\/td><td>20K<\/td><td>CL<\/td><td>TGN<\/td><td>1<\/td><td>25-\/b0<\/td><td>35-\/w0<\/td><td>27-\/b0<\/td><td>40+\/w0<\/td><td>33-\/w0<\/td><td>20<\/td><td>105<\/td><td>529<\/td><\/tr><tr><td>38<\/td><td>38<\/td><td>Hongmei Chen<\/td><td>Hongmei<\/td><td>Chen<\/td><td>20K<\/td><td>CH<\/td><td>IND<\/td><td>1<\/td><td>0=<\/td><td>33-\/w0<\/td><td>0+<\/td><td>28-\/b0<\/td><td>25-\/w0<\/td><td>20<\/td><td>102\u00bd<\/td><td>506\u00bd<\/td><\/tr><tr><td>39<\/td><td>39<\/td><td>Francisco Z\u00fa\u00f1iga<\/td><td>Francisco<\/td><td>Z\u00fa\u00f1iga<\/td><td>20K<\/td><td>CL<\/td><td>IND<\/td><td>0<\/td><td>0=<\/td><td>0=<\/td><td>0=<\/td><td>25-\/w0<\/td><td>27-\/b0<\/td><td>20<\/td><td>101<\/td><td>498<\/td><\/tr><tr><td>40<\/td><td>40<\/td><td>Jie Yu<\/td><td>Jie<\/td><td>Yu<\/td><td>20K<\/td><td>CH<\/td><td>IND<\/td><td>0<\/td><td>26-\/b0<\/td><td>32-\/w0<\/td><td>31-\/b0<\/td><td>37-\/b0<\/td><td>35-\/w0<\/td><td>19<\/td><td>105<\/td><td>532\u00bd<\/td><\/tr><\/tbody><\/table><\/figure>\n","protected":false},"excerpt":{"rendered":"<p>Num Pl Name Nombre Apellido Rank Co Club NbW R 1 R 2 R 3 R 4 R 5 MMS SOS SOSOS 1 1 Mat\u00edas Salinas Mat\u00edas Salinas 2K CL&hellip;<\/p>\n","protected":false},"author":2,"featured_media":0,"parent":0,"menu_order":0,"comment_status":"closed","ping_status":"closed","template":"page-templates\/template-full-width.php","meta":{"pgc_sgb_lightbox_settings":"","footnotes":""},"_links":{"self":[{"href":"https:\/\/igochile.cl\/igochile2\/wp-json\/wp\/v2\/pages\/6485"}],"collection":[{"href":"https:\/\/igochile.cl\/igochile2\/wp-json\/wp\/v2\/pages"}],"about":[{"href":"https:\/\/igochile.cl\/igochile2\/wp-json\/wp\/v2\/types\/page"}],"author":[{"embeddable":true,"href":"https:\/\/igochile.cl\/igochile2\/wp-json\/wp\/v2\/users\/2"}],"replies":[{"embeddable":true,"href":"https:\/\/igochile.cl\/igochile2\/wp-json\/wp\/v2\/comments?post=6485"}],"version-history":[{"count":1,"href":"https:\/\/igochile.cl\/igochile2\/wp-json\/wp\/v2\/pages\/6485\/revisions"}],"predecessor-version":[{"id":6486,"href":"https:\/\/igochile.cl\/igochile2\/wp-json\/wp\/v2\/pages\/6485\/revisions\/6486"}],"wp:attachment":[{"href":"https:\/\/igochile.cl\/igochile2\/wp-json\/wp\/v2\/media?parent=6485"}],"curies":[{"name":"wp","href":"https:\/\/api.w.org\/{rel}","templated":true}]}}