{"id":6599,"date":"2024-04-07T19:09:59","date_gmt":"2024-04-07T22:09:59","guid":{"rendered":"https:\/\/igochile.cl\/igochile2\/?page_id=6599"},"modified":"2024-04-07T22:17:10","modified_gmt":"2024-04-08T01:17:10","slug":"torneo-de-apertura-2024-torneo-abierto","status":"publish","type":"page","link":"https:\/\/igochile.cl\/igochile2\/torneo-de-apertura-2024-torneo-abierto\/","title":{"rendered":"Torneo de Apertura 2024 &#8211; Torneo Abierto"},"content":{"rendered":"\n<figure class=\"wp-block-table\"><table><tbody><tr><th>Num&nbsp;<\/th><th>&nbsp;Pl&nbsp;<\/th><th>&nbsp;Name&nbsp;<\/th><th>&nbsp;Rank&nbsp;<\/th><th>&nbsp;Co&nbsp;<\/th><th>&nbsp;Club&nbsp;<\/th><th>&nbsp;NbW&nbsp;<\/th><th>R&nbsp;1&nbsp;<\/th><th>R&nbsp;2&nbsp;<\/th><th>R&nbsp;3&nbsp;<\/th><th>R&nbsp;4&nbsp;<\/th><th>MMS<\/th><th>SOS<\/th><th>SOSOS<\/th><\/tr><tr><td>1&nbsp;<\/td><td>1&nbsp;<\/td><td>Sep\u00falveda Avelio<\/td><td>4D<\/td><td>CL<\/td><td>TGN<\/td><td>4<\/td><td><strong>7+\/b0<\/strong><\/td><td><strong>12+\/w0<\/strong><\/td><td><strong>3+\/b0<\/strong><\/td><td><strong>2+\/b0<\/strong><\/td><td>25<\/td><td>93\u00bd<\/td><td>373\u00bd<\/td><\/tr><tr><td>2&nbsp;<\/td><td>2&nbsp;<\/td><td>Contreras Cristian<\/td><td>2K<\/td><td>CL<\/td><td>IND<\/td><td>3<\/td><td><strong>8+\/b0<\/strong><\/td><td><strong>4+\/w0<\/strong><\/td><td><strong>10+\/b0<\/strong><\/td><td>1-\/w0<\/td><td>24<\/td><td>95<\/td><td>369\u00bd<\/td><\/tr><tr><td>3&nbsp;<\/td><td>3&nbsp;<\/td><td>Gonz\u00e1lez Francisco<\/td><td>1D<\/td><td>CL<\/td><td>TGN<\/td><td>3<\/td><td><strong>9+\/b0<\/strong><\/td><td><strong>6+\/w0<\/strong><\/td><td>1-\/w0<\/td><td><strong>7+\/b0<\/strong><\/td><td>24<\/td><td>94<\/td><td>373<\/td><\/tr><tr><td>4&nbsp;<\/td><td>4&nbsp;<\/td><td>Navarro Mat\u00edas<\/td><td>2D<\/td><td>CL<\/td><td>TGN<\/td><td>3<\/td><td><strong>10+\/w0<\/strong><\/td><td>2-\/b0<\/td><td><strong>12+\/b0<\/strong><\/td><td><strong>6+\/w0<\/strong><\/td><td>24<\/td><td>92\u00bd<\/td><td>373\u00bd<\/td><\/tr><tr><td>5&nbsp;<\/td><td>5&nbsp;<\/td><td>S\u00e1nchez Esteban<\/td><td>3K<\/td><td>CL<\/td><td>AKN<\/td><td>3<\/td><td><strong>15+\/b0<\/strong><\/td><td><strong>9+\/w0<\/strong><\/td><td>6-\/b0<\/td><td><strong>13+\/w0<\/strong><\/td><td>24<\/td><td>90<\/td><td>365<\/td><\/tr><tr><td>6&nbsp;<\/td><td>6&nbsp;<\/td><td>P\u00e9rez Carlos<\/td><td>3D<\/td><td>CU<\/td><td>HNK<\/td><td>2<\/td><td><strong>11+\/w0<\/strong><\/td><td>3-\/b0<\/td><td><strong>5+\/w0<\/strong><\/td><td>4-\/b0<\/td><td>23<\/td><td>95<\/td><td>366\u00bd<\/td><\/tr><tr><td>7&nbsp;<\/td><td>7&nbsp;<\/td><td>Mimiza Benjam\u00edn<\/td><td>4K<\/td><td>CL<\/td><td>AKN<\/td><td>2<\/td><td>1-\/w0<\/td><td><strong>16+\/b0<\/strong><\/td><td><strong>20+\/b0<\/strong><\/td><td>3-\/w0<\/td><td>23<\/td><td>92\u00bd<\/td><td>360\u00bd<\/td><\/tr><tr><td>8&nbsp;<\/td><td>8&nbsp;<\/td><td>Mitrani Alex<\/td><td>3K<\/td><td>EN<\/td><td>TGN<\/td><td>2<\/td><td>2-\/w0<\/td><td><strong>13+\/b0<\/strong><\/td><td><strong>11+\/b0<\/strong><\/td><td>9-\/w0<\/td><td>23<\/td><td>92<\/td><td>367<\/td><\/tr><tr><td>9&nbsp;<\/td><td>9&nbsp;<\/td><td>Anselmo Jos\u00e9<\/td><td>3K<\/td><td>CL<\/td><td>ICO<\/td><td>2<\/td><td>3-\/w0<\/td><td>5-\/b0<\/td><td><strong>18+\/w0<\/strong><\/td><td><strong>8+\/b0<\/strong><\/td><td>23<\/td><td>92<\/td><td>363<\/td><\/tr><tr><td>10&nbsp;<\/td><td>10&nbsp;<\/td><td>Carrillo Juan Carlos<\/td><td>3K<\/td><td>CL<\/td><td>SBK<\/td><td>2<\/td><td>4-\/b0<\/td><td><strong>20+\/b0<\/strong><\/td><td>2-\/w0<\/td><td><strong>14+\/b0<\/strong><\/td><td>23<\/td><td>91\u00bd<\/td><td>362\u00bd<\/td><\/tr><tr><td>11&nbsp;<\/td><td>11&nbsp;<\/td><td>Figueroa Felipe<\/td><td>3K<\/td><td>CL<\/td><td>SBK<\/td><td>2<\/td><td>6-\/b0<\/td><td><strong>14+\/w0<\/strong><\/td><td>8-\/w0<\/td><td><strong>16+\/b0<\/strong><\/td><td>23<\/td><td>90<\/td><td>363<\/td><\/tr><tr><td>12&nbsp;<\/td><td>12&nbsp;<\/td><td>Pazmi\u00f1o Miguel<\/td><td>2K<\/td><td>EC<\/td><td>IND<\/td><td>1<\/td><td><strong>17+\/b0<\/strong><\/td><td>1-\/b0<\/td><td>4-\/w0<\/td><td>0=<\/td><td>22<\/td><td>92<\/td><td>356\u00bd<\/td><\/tr><tr><td>13&nbsp;<\/td><td>13&nbsp;<\/td><td>\u00c1lvarez Luis<\/td><td>7K<\/td><td>CL<\/td><td>KSN<\/td><td>2<\/td><td><strong>18+\/b0<\/strong><\/td><td>8-\/w0<\/td><td><strong>15+\/w0<\/strong><\/td><td>5-\/b0<\/td><td>22<\/td><td>90<\/td><td>357<\/td><\/tr><tr><td>14&nbsp;<\/td><td>14&nbsp;<\/td><td>Juliao Omar<\/td><td>5K<\/td><td>PA<\/td><td>IND<\/td><td>2<\/td><td><strong>19+\/w0<\/strong><\/td><td>11-\/b0<\/td><td><strong>17+\/b0<\/strong><\/td><td>10-\/w0<\/td><td>22<\/td><td>89<\/td><td>355<\/td><\/tr><tr><td>15&nbsp;<\/td><td>15&nbsp;<\/td><td>Gonz\u00e1lez Cristian<\/td><td>5K<\/td><td>CL<\/td><td>IND<\/td><td>2<\/td><td>5-\/w0<\/td><td><strong>21+\/w0<\/strong><\/td><td>13-\/b0<\/td><td><strong>19+\/w0<\/strong><\/td><td>22<\/td><td>88<\/td><td>352<\/td><\/tr><tr><td>16&nbsp;<\/td><td>16&nbsp;<\/td><td>N\u00fa\u00f1ez Ram\u00f3n<\/td><td>6K<\/td><td>VE<\/td><td>IND<\/td><td>2<\/td><td><strong>21+\/b0<\/strong><\/td><td>7-\/w0<\/td><td><strong>22+\/b0<\/strong><\/td><td>11-\/w0<\/td><td>22<\/td><td>87<\/td><td>353<\/td><\/tr><tr><td>17&nbsp;<\/td><td>17&nbsp;<\/td><td>C\u00e1rdenas Franco<\/td><td>10K<\/td><td>CL<\/td><td>AKN<\/td><td>2<\/td><td>12-\/w0<\/td><td><strong>19+\/b0<\/strong><\/td><td>14-\/w0<\/td><td><strong>18+\/w0<\/strong><\/td><td>22<\/td><td>86\u00bd<\/td><td>355<\/td><\/tr><tr><td>18&nbsp;<\/td><td>18&nbsp;<\/td><td>Oliveira Ariel<\/td><td>10K<\/td><td>BR<\/td><td>IND<\/td><td>1<\/td><td>13-\/w0<\/td><td><strong>22+\/w0<\/strong><\/td><td>9-\/b0<\/td><td>17-\/b0<\/td><td>21<\/td><td>87<\/td><td>354<\/td><\/tr><tr><td>19&nbsp;<\/td><td>19&nbsp;<\/td><td>Fuentealba Mauricio<\/td><td>16K<\/td><td>CL<\/td><td>TGN<\/td><td>1<\/td><td>14-\/b0<\/td><td>17-\/w0<\/td><td><strong>21+\/w0<\/strong><\/td><td>15-\/b0<\/td><td>21<\/td><td>87<\/td><td>348\u00bd<\/td><\/tr><tr><td>20&nbsp;<\/td><td>20&nbsp;<\/td><td>Cusnir Leandro<\/td><td>10K<\/td><td>AR<\/td><td>IND<\/td><td>1<\/td><td><strong>22+\/b0<\/strong><\/td><td>10-\/w0<\/td><td>7-\/w0<\/td><td>0=<\/td><td>21<\/td><td>86<\/td><td>349\u00bd<\/td><\/tr><tr><td>21&nbsp;<\/td><td>21&nbsp;<\/td><td>Vargas Percy<\/td><td>13K<\/td><td>CL<\/td><td>SBK<\/td><td>1<\/td><td>16-\/w0<\/td><td>15-\/b0<\/td><td>19-\/b0<\/td><td><strong>22+\/w0<\/strong><\/td><td>21<\/td><td>85<\/td><td>347\u00bd<\/td><\/tr><tr><td>22&nbsp;<\/td><td>22&nbsp;<\/td><td>Mesina Alberto<\/td><td>8K<\/td><td>CL<\/td><td>TGN<\/td><td>0<\/td><td>20-\/w0<\/td><td>18-\/b0<\/td><td>16-\/w0<\/td><td>21-\/b0<\/td><td>20<\/td><td>85\u00bd<\/td><td>345<\/td><\/tr><\/tbody><\/table><\/figure>\n","protected":false},"excerpt":{"rendered":"<p>Num&nbsp; &nbsp;Pl&nbsp; &nbsp;Name&nbsp; &nbsp;Rank&nbsp; &nbsp;Co&nbsp; &nbsp;Club&nbsp; &nbsp;NbW&nbsp; R&nbsp;1&nbsp; R&nbsp;2&nbsp; R&nbsp;3&nbsp; R&nbsp;4&nbsp; MMS SOS SOSOS 1&nbsp; 1&nbsp; Sep\u00falveda Avelio 4D CL TGN 4 7+\/b0 12+\/w0 3+\/b0 2+\/b0 25 93\u00bd 373\u00bd 2&nbsp;&hellip;<\/p>\n","protected":false},"author":2,"featured_media":0,"parent":0,"menu_order":0,"comment_status":"closed","ping_status":"closed","template":"","meta":{"pgc_sgb_lightbox_settings":"","footnotes":""},"_links":{"self":[{"href":"https:\/\/igochile.cl\/igochile2\/wp-json\/wp\/v2\/pages\/6599"}],"collection":[{"href":"https:\/\/igochile.cl\/igochile2\/wp-json\/wp\/v2\/pages"}],"about":[{"href":"https:\/\/igochile.cl\/igochile2\/wp-json\/wp\/v2\/types\/page"}],"author":[{"embeddable":true,"href":"https:\/\/igochile.cl\/igochile2\/wp-json\/wp\/v2\/users\/2"}],"replies":[{"embeddable":true,"href":"https:\/\/igochile.cl\/igochile2\/wp-json\/wp\/v2\/comments?post=6599"}],"version-history":[{"count":2,"href":"https:\/\/igochile.cl\/igochile2\/wp-json\/wp\/v2\/pages\/6599\/revisions"}],"predecessor-version":[{"id":6603,"href":"https:\/\/igochile.cl\/igochile2\/wp-json\/wp\/v2\/pages\/6599\/revisions\/6603"}],"wp:attachment":[{"href":"https:\/\/igochile.cl\/igochile2\/wp-json\/wp\/v2\/media?parent=6599"}],"curies":[{"name":"wp","href":"https:\/\/api.w.org\/{rel}","templated":true}]}}