{"id":921,"date":"2017-01-21T00:57:15","date_gmt":"2017-01-21T03:57:15","guid":{"rendered":"http:\/\/www.igochile.cl\/igochile2\/?page_id=921"},"modified":"2021-03-12T15:06:57","modified_gmt":"2021-03-12T18:06:57","slug":"enlaces-utiles","status":"publish","type":"page","link":"https:\/\/igochile.cl\/igochile2\/enlaces-utiles\/","title":{"rendered":"Enlaces \u00datiles"},"content":{"rendered":"<h1>Referencias en l\u00ednea<\/h1>\n<ul>\n<li><a href=\"https:\/\/cdn.online-go.com\/Introduccion-al-juego-de-Go.pdf\">Introducci\u00f3n al Juego de Go<\/a>, por Mariano L\u00f3pez Minnucci<\/li>\n<li><a href=\"https:\/\/senseis.xmp.net\/?GoPrograms\">Software para jugar y aprender Go<\/a><\/li>\n<li><a href=\"https:\/\/online-go.com\/docs\/other-go-resources\">Otros recursos en l\u00ednea<\/a><\/li>\n<\/ul>\n<h1>D\u00f3nde Jugar en l\u00ednea<\/h1>\n<ul>\n<li><span style=\"font-size: medium;\"><span style=\"font-size: medium;\"><a href=\"https:\/\/online-go.com\/\" target=\"_blank\" rel=\"noopener\">Online Go Server (OGS)<\/a><\/span><\/span> OGS es un servidor que no requiere instalaci\u00f3n. Se juega directamente a trav\u00e9s del navedador web. s\u00f3lo requieres primero hacerte una cuenta.<\/li>\n<li><span style=\"font-size: medium;\"><span style=\"font-size: medium;\"><a href=\"https:\/\/www.gokgs.com\/\" target=\"_blank\" rel=\"noopener\">Kiseido Go Server (KGS)<\/a><\/span><\/span> KGS es un servidor en el que se puede jugar por diversos medios:\n<ul>\n<li>A trav\u00e9s del cliente disponible para Windows, Linux y Mac.<\/li>\n<li>A trav\u00e9s del navegador web entrando al sitio <a href=\"https:\/\/shin.gokgs.com\/\" target=\"_blank\" rel=\"noopener\">shingokgs<\/a>. Esta opci\u00f3n tambi\u00e9n permite jugar desde el celular.<\/li>\n<li>A trav\u00e9s del navegador web Chrome por medio de la extensi\u00f3n <a>Go Universe<\/a>.<\/li>\n<li>Tambi\u00e9n existe la app para Android <a>KGS Client<\/a> (pagada)<\/li>\n<li>Descargar (<a href=\"http:\/\/igochile.cl\/descargas\/cgoban.exe\">Windows<\/a>)<\/li>\n<\/ul>\n<\/li>\n<li><span style=\"font-size: medium;\"><span style=\"font-size: medium;\"><a href=\"http:\/\/wars.fm\/go9\" target=\"_blank\" rel=\"noopener\">Go Quest<\/a><\/span><\/span> GoQuest es recomendable para jugar en el tablero 9 x 9. Es especialmente apto para principiantes, enfatizando jugar y divertirse. Se recomienda usar el app (disponible para iOS o Android) pero es posible jugar desde el navegador.<\/li>\n<li><span style=\"font-size: medium;\"><span style=\"font-size: medium;\"><a href=\"https:\/\/pandanet-igs.com\/communities\/pandanet\" target=\"_blank\" rel=\"noopener\">Internet Go Server (IGS) &#8211; Pandanet<\/a><\/span><\/span> IGS es un servidor que requiere la instalaci\u00f3n de un cliente previo registro del jugador. El cliente (GoPanda2) se encuentra disponible para Windows y Linux. Tambi\u00e9n existe la app para Android gratuita <a>Pandanet(Go)<\/a>.<\/li>\n<ul>\n<li>Descargar (<a href=\"http:\/\/igochile.cl\/descargas\/GoPanda2.exe\">Windows<\/a>)<\/li>\n<\/ul>\n<li><span style=\"font-size: medium;\"><span style=\"font-size: medium;\"><span style=\"font-size: medium;\"><a href=\"http:\/\/www.tygemgo.com\/\" target=\"_blank\" rel=\"noopener\">Tygem<\/a><\/span><\/span><\/span> Tygem es un servidor que requiere la instalaci\u00f3n de un cliente. Est\u00e1 disponible para Windows y Apple Ipad.<\/li>\n<ul>\n<li>Descargar (<a href=\"http:\/\/igochile.cl\/descargas\/Tygem.exe\">Windows<\/a>)<\/li>\n<\/ul>\n<li><span style=\"font-size: medium;\"><span style=\"font-size: medium;\"><a href=\"http:\/\/weiqi.qq.com\/soft\/inst\/ver\/10403011\" target=\"_blank\" rel=\"noopener\">Fox<\/a><\/span><\/span> Fox es un servidor que requiere la instalaci\u00f3n de un cliente. Est\u00e1 disponible para Windows. Tambi\u00e9n existe la app para Android e iOS.<\/li>\n<ul>\n<li>Descargar (<a href=\"http:\/\/igochile.cl\/descargas\/Fox.exe\">Windows<\/a>)<\/li>\n<\/ul>\n<li><span style=\"font-size: medium;\"><span style=\"font-size: medium;\"><a href=\"http:\/\/www.wbaduk.com\/\" target=\"_blank\" rel=\"noopener\">WBaduk<\/a><\/span><\/span> WBaduk es un servidor que requiere la instalaci\u00f3n de un cliente. Est\u00e1 disponible para Windows. Tambi\u00e9n existen apps para Android, iPhone y iPad.<\/li>\n<ul>\n<li>Descargar (<a href=\"http:\/\/igochile.cl\/descargas\/WBaduk.exe\">Windows<\/a>)<\/li>\n<\/ul>\n<\/ul>\n<h1>Clubes de Go en l\u00ednea<\/h1>\n<ul>\n<li><span style=\"font-size: medium;\"><span style=\"font-size: medium;\"><a href=\"https:\/\/openstudyroom.org\">Open Study Room<\/a><\/span><\/span>. Es un club internacional dedicado a jugar y aprender Go. Organiza ligas, torneos, partidas de ense\u00f1anza y revisiones de partidas. Utiliza el ingl\u00e9s como lengua com\u00fan y Discord para comunicaci\u00f3n.<\/li>\n<li><span style=\"font-size: medium;\"><span style=\"font-size: medium;\"><a href=\"https:\/\/discordapp.com\/invite\/tQvJmXG\">Go en Espa\u00f1ol<\/a><\/span><\/span>. Un servidor Discord dedicado al Go, en Espa\u00f1ol.<\/li>\n<\/ul>\n<h2>Federaciones y Asociaciones Internacionales<\/h2>\n<ul>\n<li><span style=\"font-size: medium;\"><span style=\"font-size: medium;\"><span style=\"font-size: medium;\"><a href=\"http:\/\/www.intergofed.org\/\" target=\"_blank\" rel=\"noopener\">Federaci\u00f3n Internacional de Go<\/a><\/span><\/span><\/span><\/li>\n<li><span style=\"font-size: medium;\"><span style=\"font-size: medium;\"><a href=\"http:\/\/www.fedibergo.org\/\" target=\"_blank\" rel=\"noopener\">Federaci\u00f3n Iberoamericana de Go<\/a><\/span><\/span><\/li>\n<li><span style=\"font-size: medium;\"><a href=\"https:\/\/www.eurogofed.org\/\" target=\"_blank\" rel=\"noopener\">Federaci\u00f3n Europea de Go<\/a><\/span><\/li>\n<\/ul>\n<h2>Asociaciones Latinoamericanas<\/h2>\n<ul>\n<li><span style=\"font-size: medium;\"><a href=\"http:\/\/www.go.org.ar\/\" target=\"_blank\" rel=\"noopener\">Asociaci\u00f3n Argentina de Go<\/a><\/span><\/li>\n<li><span style=\"font-size: medium;\">Bolivia<\/span><\/li>\n<li><span style=\"font-size: medium;\"><a href=\"http:\/\/www.nihonkiin.com.br\/\">Brasil Nihon Kiin<\/a><\/span><\/li>\n<li><span style=\"font-size: medium;\"><a href=\"https:\/\/www.facebook.com\/colombiago\/\">Asociaci\u00f3n Colombiana de Go<\/a><\/span><\/li>\n<li><span style=\"font-size: medium;\"><a href=\"https:\/\/www.facebook.com\/CostaRicaGo\">Asociaci\u00f3n Costarricense de Go<\/a><\/span><\/li>\n<li><span style=\"font-size: medium;\"><a href=\"https:\/\/www.facebook.com\/academiacubanadego\">Academia Cubana de Go<\/a><\/span><\/li>\n<li><span style=\"font-size: medium;\"><span style=\"font-size: medium;\"><span style=\"font-size: medium;\"><a href=\"http:\/\/www.goecuador.org\/joomla2\/\" target=\"_blank\" rel=\"noopener\">Asociaci\u00f3n Ecuatoriana de Go<\/a><\/span><\/span><\/span><\/li>\n<li><span style=\"font-size: medium;\">El Salvador<\/span><\/li>\n<li><span style=\"font-size: medium;\">Guatemala<\/span><\/li>\n<li><span style=\"font-size: medium;\">Hait\u00ed<\/span><\/li>\n<li><span style=\"font-size: medium;\">Honduras<\/span><\/li>\n<li><span style=\"font-size: medium;\"><span style=\"font-size: medium;\"><a href=\"http:\/\/go.org.mx\/\" target=\"_blank\" rel=\"noopener\">Asociaci\u00f3n Mexicana de Go<\/a><\/span><\/span><\/li>\n<li><span style=\"font-size: medium;\">Nicaragua<\/span><\/li>\n<li><span style=\"font-size: medium;\"><a href=\"https:\/\/www.facebook.com\/Asociaci%C3%B3n-Paname%C3%B1a-de-GO-166481903391151\/\">Panam\u00e1<\/a><\/span><\/li>\n<li><span style=\"font-size: medium;\">Paraguay<\/span><\/li>\n<li><a href=\"https:\/\/www.facebook.com\/Asociaci%C3%B3n-Paname%C3%B1a-de-GO-166481903391151\/\"><span style=\"font-size: medium;\"><span style=\"font-size: medium;\"><\/span><\/span><\/a><a href=\"http:\/\/asociacionperuanadeigoshogi.blogspot.com\/\" target=\"_blank\" rel=\"noopener\">Asociaci\u00f3n Peruana de Go y Shogi<\/a><\/li>\n<li><span style=\"font-size: medium;\"><a href=\"https:\/\/www.facebook.com\/Federaci%C3%B3n-Dominicana-de-Go-387964018398787\">Federaci\u00f3n Dominicana de Go<\/a><\/span><\/li>\n<li><span style=\"font-size: medium;\"><a href=\"http:\/\/igouruguay.xyz\">Federaci\u00f3n Uruguaya de Go<\/a><\/span><\/li>\n<li><span style=\"font-size: medium;\"><a href=\"https:\/\/www.facebook.com\/avgovenezuela\/\">Asociaci\u00f3n Venezolana de Go<\/a><\/span><\/li>\n<\/ul>\n<h2>Otras Asociaciones<\/h2>\n<ul>\n<li><span style=\"font-size: medium;\"><a href=\"http:\/\/www.usgo.org\/\" target=\"_blank\" rel=\"noopener\">Asociaci\u00f3n Americana de Go (EE.UU.)<\/a><\/span><\/li>\n<li><span style=\"font-size: medium;\"><a href=\"http:\/\/canadiango.org\/\" target=\"_blank\" rel=\"noopener\">Asociaci\u00f3n Canadiense de Go (Canad\u00e1)<\/a><\/span><\/li>\n<\/ul>\n<ul>\n<li><span style=\"font-size: medium;\"><span style=\"font-size: medium;\"><a href=\"http:\/\/www.go-portugal.org\/\" target=\"_blank\" rel=\"noopener\">Asociaci\u00f3n Portuguesa de Go<\/a><\/span><\/span><\/li>\n<li><span style=\"font-size: medium;\"><span style=\"font-size: medium;\"><a href=\"http:\/\/aego.biz\/\" target=\"_blank\" rel=\"noopener\">Asociaci\u00f3n Espa\u00f1ola de Go<\/a><\/span><\/span><\/li>\n<li><span style=\"font-size: medium;\"><span style=\"font-size: medium;\"><a href=\"https:\/\/www.britgo.org\" target=\"_blank\" rel=\"noopener\">Asociaci\u00f3n Brit\u00e1nica de Go<\/a><\/span><\/span><\/li>\n<li><span style=\"font-size: medium;\"><span style=\"font-size: medium;\"><a href=\"http:\/\/www.irish-go.org\/\">Asociaci\u00f3n Irland\u00e9sa de Go<\/a><\/span><\/span><\/li>\n<li><span style=\"font-size: medium;\"><span style=\"font-size: medium;\"><a href=\"https:\/\/www.nihonkiin.or.jp\/english\/\" target=\"_blank\" rel=\"noopener\">Asociaci\u00f3n Japonesa de Go &#8211; Nihon Ki-in<\/a><\/span><\/span><\/li>\n<li><span style=\"font-size: medium;\"><span style=\"font-size: medium;\"><a href=\"http:\/\/english.baduk.or.kr\/\" target=\"_blank\" rel=\"noopener\">Asociaci\u00f3n Coreana de Baduk<\/a><\/span><\/span><\/li>\n<\/ul>\n<ul>\n<li><span style=\"font-size: medium;\"><span style=\"font-size: medium;\"><a href=\"http:\/\/www.worldpairgo.org\" target=\"_blank\" rel=\"noopener\">Asociaci\u00f3n Mundial de Go en Parejas<\/a><\/span><\/span><\/li>\n<li><span style=\"font-size: medium;\"><span style=\"font-size: medium;\"><a href=\"http:\/\/www.pairgo.or.jp\/home.htm\" target=\"_blank\" rel=\"noopener\">Asociaci\u00f3n Japonesa de Go en Parejas<\/a><\/span><\/span><\/li>\n<\/ul>\n","protected":false},"excerpt":{"rendered":"<p>Referencias en l\u00ednea Introducci\u00f3n al Juego de Go, por Mariano L\u00f3pez Minnucci Software para jugar y aprender Go Otros recursos en l\u00ednea D\u00f3nde Jugar en l\u00ednea Online Go Server (OGS)&hellip;<\/p>\n","protected":false},"author":2,"featured_media":0,"parent":0,"menu_order":0,"comment_status":"closed","ping_status":"closed","template":"","meta":{"pgc_sgb_lightbox_settings":"","footnotes":""},"_links":{"self":[{"href":"https:\/\/igochile.cl\/igochile2\/wp-json\/wp\/v2\/pages\/921"}],"collection":[{"href":"https:\/\/igochile.cl\/igochile2\/wp-json\/wp\/v2\/pages"}],"about":[{"href":"https:\/\/igochile.cl\/igochile2\/wp-json\/wp\/v2\/types\/page"}],"author":[{"embeddable":true,"href":"https:\/\/igochile.cl\/igochile2\/wp-json\/wp\/v2\/users\/2"}],"replies":[{"embeddable":true,"href":"https:\/\/igochile.cl\/igochile2\/wp-json\/wp\/v2\/comments?post=921"}],"version-history":[{"count":5,"href":"https:\/\/igochile.cl\/igochile2\/wp-json\/wp\/v2\/pages\/921\/revisions"}],"predecessor-version":[{"id":4679,"href":"https:\/\/igochile.cl\/igochile2\/wp-json\/wp\/v2\/pages\/921\/revisions\/4679"}],"wp:attachment":[{"href":"https:\/\/igochile.cl\/igochile2\/wp-json\/wp\/v2\/media?parent=921"}],"curies":[{"name":"wp","href":"https:\/\/api.w.org\/{rel}","templated":true}]}}